{"id":15869,"date":"2018-03-29T10:28:45","date_gmt":"2018-03-29T09:28:45","guid":{"rendered":"https:\/\/mkulcarx.preview.infomaniak.website\/produit\/san-cristobal-la-punta-25-2\/"},"modified":"2023-09-26T07:18:00","modified_gmt":"2023-09-26T06:18:00","slug":"san-cristobal-la-punta-25","status":"publish","type":"product","link":"https:\/\/beta.alpscigar.com\/en\/shop\/cigares-cubains\/san-cristobal\/san-cristobal-la-punta-25\/","title":{"rendered":"San Cristobal La Punta (25)"},"content":{"rendered":"<p>La marque fut lanc\u00e9e en 1999 afin de rendre hommage \u00e0 l&rsquo;histoire de la ville de La Havane qui portait pr\u00e9c\u00e9demment le nom \u00ab\u00a0San Cristobal\u00a0\u00bb. Chacun des modules sont surnomm\u00e9s en r\u00e9f\u00e9rence aux quatre forteresses qui prot\u00e9geaient la ville; El Morro, La Fuerza, La Punta et El Principe.<\/p>\n<p>Le Module San Cristobal La Punta offre une concentration sup\u00e9rieure dans une gamme de cigare de force moyenne \u00e0 cors\u00e9e. Enrob\u00e9 d&rsquo;une belle cape couleur chocolat\u00e9e, la fum\u00e9e de la Punta d\u00e9livre sur la langue des ar\u00f4mes \u00e9pic\u00e9s sublim\u00e9s par des notes fleuries.<\/p>\n<p>San Cristobal fait partie de ces \u00ab\u00a0nouvelles\u00a0\u00bb marques que Habanos a lanc\u00e9 sur le march\u00e9 avec un certain succ\u00e8s. la ligne est soign\u00e9e et les cigares de bonne qualit\u00e9 sur la petite quantit\u00e9 de production annuelle.<\/p>\n<p>&nbsp;<\/p>","protected":false},"excerpt":{"rendered":"<p>Box of 25 cigars.<\/p>","protected":false},"featured_media":6622,"template":"","meta":{"_acf_changed":false},"product_cat":[24791,40,16727],"product_tag":[],"bundled_by":[],"bundle_stock_status":"outofstock","bundle_stock_quantity":0,"bundle_virtual":false,"bundle_layout":"","bundle_add_to_cart_form_location":"","bundle_editable_in_cart":false,"bundle_sold_individually_context":"","bundle_item_grouping":"","bundle_min_size":"","bundle_max_size":"","bundled_items":[],"acf":[],"_links":{"self":[{"href":"https:\/\/beta.alpscigar.com\/en\/wp-json\/wp\/v2\/product\/15869"}],"collection":[{"href":"https:\/\/beta.alpscigar.com\/en\/wp-json\/wp\/v2\/product"}],"about":[{"href":"https:\/\/beta.alpscigar.com\/en\/wp-json\/wp\/v2\/types\/product"}],"wp:featuredmedia":[{"embeddable":true,"href":"https:\/\/beta.alpscigar.com\/en\/wp-json\/wp\/v2\/media\/6622"}],"wp:attachment":[{"href":"https:\/\/beta.alpscigar.com\/en\/wp-json\/wp\/v2\/media?parent=15869"}],"wp:term":[{"taxonomy":"product_cat","embeddable":true,"href":"https:\/\/beta.alpscigar.com\/en\/wp-json\/wp\/v2\/product_cat?post=15869"},{"taxonomy":"product_tag","embeddable":true,"href":"https:\/\/beta.alpscigar.com\/en\/wp-json\/wp\/v2\/product_tag?post=15869"}],"curies":[{"name":"wp","href":"https:\/\/api.w.org\/{rel}","templated":true}]}}