{"id":15885,"date":"2018-10-04T11:33:44","date_gmt":"2018-10-04T10:33:44","guid":{"rendered":"https:\/\/cigarpassion.ch\/?post_type=product&#038;p=8758"},"modified":"2023-11-07T07:17:11","modified_gmt":"2023-11-07T06:17:11","slug":"seleccion-piramides-6","status":"publish","type":"product","link":"https:\/\/beta.alpscigar.com\/en\/shop\/cigares-cubains\/seleccion\/seleccion-piramides-6\/","title":{"rendered":"Selecci\u00f3n Piramides (6)"},"content":{"rendered":"<p>Selection des 6 Selecci\u00f3n Piramides Cubains les plus c\u00e9l\u00e8bres.\u00a0Cohiba, Partagas, Hoyo, Montecristo , Romeo Y Julieta et H. Upmann. Le cadeau parfait. Un petit coffret id\u00e9al pour le voyage et la d\u00e9couverte.<\/p>","protected":false},"excerpt":{"rendered":"<p>Coffret de 6 cigares.<\/p>","protected":false},"featured_media":8759,"template":"","meta":{"_acf_changed":false},"product_cat":[24791,40,16731],"product_tag":[1923,1660],"bundled_by":[],"bundle_stock_status":"outofstock","bundle_stock_quantity":0,"bundle_virtual":false,"bundle_layout":"","bundle_add_to_cart_form_location":"","bundle_editable_in_cart":false,"bundle_sold_individually_context":"","bundle_item_grouping":"","bundle_min_size":"","bundle_max_size":"","bundled_items":[],"acf":[],"_links":{"self":[{"href":"https:\/\/beta.alpscigar.com\/en\/wp-json\/wp\/v2\/product\/15885"}],"collection":[{"href":"https:\/\/beta.alpscigar.com\/en\/wp-json\/wp\/v2\/product"}],"about":[{"href":"https:\/\/beta.alpscigar.com\/en\/wp-json\/wp\/v2\/types\/product"}],"wp:featuredmedia":[{"embeddable":true,"href":"https:\/\/beta.alpscigar.com\/en\/wp-json\/wp\/v2\/media\/8759"}],"wp:attachment":[{"href":"https:\/\/beta.alpscigar.com\/en\/wp-json\/wp\/v2\/media?parent=15885"}],"wp:term":[{"taxonomy":"product_cat","embeddable":true,"href":"https:\/\/beta.alpscigar.com\/en\/wp-json\/wp\/v2\/product_cat?post=15885"},{"taxonomy":"product_tag","embeddable":true,"href":"https:\/\/beta.alpscigar.com\/en\/wp-json\/wp\/v2\/product_tag?post=15885"}],"curies":[{"name":"wp","href":"https:\/\/api.w.org\/{rel}","templated":true}]}}