{"id":15889,"date":"2018-10-04T11:09:46","date_gmt":"2018-10-04T10:09:46","guid":{"rendered":"https:\/\/cigarpassion.ch\/?post_type=product&#038;p=8753"},"modified":"2023-09-26T07:20:22","modified_gmt":"2023-09-26T06:20:22","slug":"seleccion-robustos-6","status":"publish","type":"product","link":"https:\/\/beta.alpscigar.com\/en\/shop\/cigares-cubains\/seleccion\/seleccion-robustos-6\/","title":{"rendered":"Selecci\u00f3n Robustos (6)"},"content":{"rendered":"<p>Le coffret Selecci\u00f3n Robustos contient 6 cigares : Cohiba, Partagas D4, Hoyo Epicure 2, Montecristo Robusto, Romeo Y Julieta et H. Upmann. Un petit coffret id\u00e9al pour le voyage et la d\u00e9couverte. Une id\u00e9e cadeau originale.<\/p>\n<p>Coffret de 6 cigares.<\/p>","protected":false},"excerpt":{"rendered":"<p>Le coffret Selecci\u00f3n Robustos contient 6 cigares.<\/p>","protected":false},"featured_media":15890,"template":"","meta":{"_acf_changed":false},"product_cat":[24791,40,16731],"product_tag":[1923,1924],"bundled_by":[],"bundle_stock_status":"outofstock","bundle_stock_quantity":0,"bundle_virtual":false,"bundle_layout":"","bundle_add_to_cart_form_location":"","bundle_editable_in_cart":false,"bundle_sold_individually_context":"","bundle_item_grouping":"","bundle_min_size":"","bundle_max_size":"","bundled_items":[],"acf":[],"_links":{"self":[{"href":"https:\/\/beta.alpscigar.com\/en\/wp-json\/wp\/v2\/product\/15889"}],"collection":[{"href":"https:\/\/beta.alpscigar.com\/en\/wp-json\/wp\/v2\/product"}],"about":[{"href":"https:\/\/beta.alpscigar.com\/en\/wp-json\/wp\/v2\/types\/product"}],"wp:featuredmedia":[{"embeddable":true,"href":"https:\/\/beta.alpscigar.com\/en\/wp-json\/wp\/v2\/media\/15890"}],"wp:attachment":[{"href":"https:\/\/beta.alpscigar.com\/en\/wp-json\/wp\/v2\/media?parent=15889"}],"wp:term":[{"taxonomy":"product_cat","embeddable":true,"href":"https:\/\/beta.alpscigar.com\/en\/wp-json\/wp\/v2\/product_cat?post=15889"},{"taxonomy":"product_tag","embeddable":true,"href":"https:\/\/beta.alpscigar.com\/en\/wp-json\/wp\/v2\/product_tag?post=15889"}],"curies":[{"name":"wp","href":"https:\/\/api.w.org\/{rel}","templated":true}]}}