{"id":15893,"date":"2018-03-29T10:28:45","date_gmt":"2018-03-29T09:28:45","guid":{"rendered":"https:\/\/mkulcarx.preview.infomaniak.website\/produit\/seleccion-petit-robusto-10-2\/"},"modified":"2023-11-14T14:10:41","modified_gmt":"2023-11-14T13:10:41","slug":"seleccion-petit-robustos-10","status":"publish","type":"product","link":"https:\/\/beta.alpscigar.com\/en\/shop\/cigares-cubains\/seleccion\/seleccion-petit-robustos-10\/","title":{"rendered":"Selecci\u00f3n Petit Robustos (10)"},"content":{"rendered":"<p>Le Selecci\u00f3n Petit Robustos contient 10 Robustos Courts, qui ravissent les connaisseurs et les amateurs de cigares cubains dans de courts moments. Tous les robustos courts sont faits exclusivement pour cet \u00e9chantillonneur et ne peuvent pas \u00eatre trouv\u00e9s dans l&rsquo;assortiment r\u00e9gulier. <strong>Le sampler exclusif est parfait en cadeau.<\/strong><\/p>\n<p>Le Habanos Seleccion Petit Robustos contient:<\/p>\n<ul>\n<li>2x Cohiba Robusto court<\/li>\n<li>2x H. Upmann Robusto court<\/li>\n<li>2x Montecristo Short Robusto<\/li>\n<li>2x Partagas Robusto court<\/li>\n<li>2x Romeo et Julieta Robusto court<\/li>\n<\/ul>","protected":false},"excerpt":{"rendered":"<p>Le sampler exclusif Selecci\u00f3n Petit Robustos est parfait en cadeau.<\/p>","protected":false},"featured_media":12732,"template":"","meta":{"_acf_changed":false},"product_cat":[24791,40,16731],"product_tag":[],"bundled_by":[],"bundle_stock_status":"outofstock","bundle_stock_quantity":0,"bundle_virtual":false,"bundle_layout":"","bundle_add_to_cart_form_location":"","bundle_editable_in_cart":false,"bundle_sold_individually_context":"","bundle_item_grouping":"","bundle_min_size":"","bundle_max_size":"","bundled_items":[],"acf":[],"_links":{"self":[{"href":"https:\/\/beta.alpscigar.com\/en\/wp-json\/wp\/v2\/product\/15893"}],"collection":[{"href":"https:\/\/beta.alpscigar.com\/en\/wp-json\/wp\/v2\/product"}],"about":[{"href":"https:\/\/beta.alpscigar.com\/en\/wp-json\/wp\/v2\/types\/product"}],"wp:featuredmedia":[{"embeddable":true,"href":"https:\/\/beta.alpscigar.com\/en\/wp-json\/wp\/v2\/media\/12732"}],"wp:attachment":[{"href":"https:\/\/beta.alpscigar.com\/en\/wp-json\/wp\/v2\/media?parent=15893"}],"wp:term":[{"taxonomy":"product_cat","embeddable":true,"href":"https:\/\/beta.alpscigar.com\/en\/wp-json\/wp\/v2\/product_cat?post=15893"},{"taxonomy":"product_tag","embeddable":true,"href":"https:\/\/beta.alpscigar.com\/en\/wp-json\/wp\/v2\/product_tag?post=15893"}],"curies":[{"name":"wp","href":"https:\/\/api.w.org\/{rel}","templated":true}]}}