{"id":18344,"date":"2019-09-04T09:16:01","date_gmt":"2019-09-04T08:16:01","guid":{"rendered":"https:\/\/alpscigar.com\/?post_type=product&#038;p=18344"},"modified":"2023-09-26T16:02:40","modified_gmt":"2023-09-26T15:02:40","slug":"punch-short-de-punch-10","status":"publish","type":"product","link":"https:\/\/beta.alpscigar.com\/en\/shop\/cigares-cubains\/punch\/punch-short-de-punch-10\/","title":{"rendered":"Punch Short de Punch (10)"},"content":{"rendered":"<p><strong>Le lancement mondial de cette nouveaut\u00e9 attrayante de la marque traditionnelle Punch a eu lieu \u00e0 Zurich le 12 juillet.<\/strong> Avec une bague de 50 et une longueur de 120 mm, le Punch Short de Punch se situe entre un Robusto et un Short Robusto, c&rsquo;est un Paraiso.<\/p>\n<p>L\u00e9g\u00e8rement cr\u00e9meux, sucr\u00e9 et bois\u00e9 dans le go\u00fbt, <strong>la nouveaut\u00e9 impressionne par son ar\u00f4me moyennement fort, \u00e9pic\u00e9 et son corps cors\u00e9.<\/strong><\/p>","protected":false},"excerpt":{"rendered":"<p>Box of 10 cigars.<\/p>","protected":false},"featured_media":18350,"template":"","meta":{"_acf_changed":false},"product_cat":[24791,40,16717],"product_tag":[],"bundled_by":[],"bundle_stock_status":"outofstock","bundle_stock_quantity":0,"bundle_virtual":false,"bundle_layout":"","bundle_add_to_cart_form_location":"","bundle_editable_in_cart":false,"bundle_sold_individually_context":"","bundle_item_grouping":"","bundle_min_size":"","bundle_max_size":"","bundled_items":[],"acf":[],"_links":{"self":[{"href":"https:\/\/beta.alpscigar.com\/en\/wp-json\/wp\/v2\/product\/18344"}],"collection":[{"href":"https:\/\/beta.alpscigar.com\/en\/wp-json\/wp\/v2\/product"}],"about":[{"href":"https:\/\/beta.alpscigar.com\/en\/wp-json\/wp\/v2\/types\/product"}],"wp:featuredmedia":[{"embeddable":true,"href":"https:\/\/beta.alpscigar.com\/en\/wp-json\/wp\/v2\/media\/18350"}],"wp:attachment":[{"href":"https:\/\/beta.alpscigar.com\/en\/wp-json\/wp\/v2\/media?parent=18344"}],"wp:term":[{"taxonomy":"product_cat","embeddable":true,"href":"https:\/\/beta.alpscigar.com\/en\/wp-json\/wp\/v2\/product_cat?post=18344"},{"taxonomy":"product_tag","embeddable":true,"href":"https:\/\/beta.alpscigar.com\/en\/wp-json\/wp\/v2\/product_tag?post=18344"}],"curies":[{"name":"wp","href":"https:\/\/api.w.org\/{rel}","templated":true}]}}