{"id":23092,"date":"2019-10-24T11:26:09","date_gmt":"2019-10-24T10:26:09","guid":{"rendered":"https:\/\/alpscigar.com\/?post_type=product&#038;p=23092"},"modified":"2023-12-01T16:19:26","modified_gmt":"2023-12-01T15:19:26","slug":"cohiba-talisman-edicion-limitada-2017-10","status":"publish","type":"product","link":"https:\/\/beta.alpscigar.com\/en\/shop\/cigares-cubains\/cohiba\/cohiba-talisman-edicion-limitada-2017-10\/","title":{"rendered":"Cohiba Talisman Edicion Limitada 2017 (10)"},"content":{"rendered":"<p><strong>Cette Edition limit\u00e9e Cohiba Talisman 2017,<\/strong> en plus d\u2019\u00eatre un plaisir pour les yeux, offre une belle d\u00e9gustation aux amateurs de havanes \u00e0 la recherche de <strong>pi\u00e8ces exclusives.<\/strong> Ce sublime No. 1, tr\u00e8s \u00e9l\u00e9gant, est envelopp\u00e9 d\u2019une belle cape maduro grasse et soyeuse. A cru, les ar\u00f4mes de c\u00e8dre dominent et son nez est poivr\u00e9.<\/p>\n<p>D\u00e8s les premi\u00e8res bouff\u00e9es, la complexit\u00e9 aromatique surprend : les saveurs sont \u00e9pic\u00e9es, soutenues par des notes de poivre rose et de chocolat noir. Au fil de la d\u00e9gustation, que l\u2019on appr\u00e9cie tant le tirage est bon, les ar\u00f4mes s\u2019intensifient en laissant entre appara\u00eetre des touches de cuir. La ma\u00eetrise du roulage et du choix des feuilles est \u00e9vidente pour ces vitoles de premier choix. Une magnifique pi\u00e8ce qui ravira les amateurs de havanes et les collectionneurs.<\/p>","protected":false},"excerpt":{"rendered":"<p>Box of 10 cigars.<\/p>","protected":false},"featured_media":23248,"template":"","meta":{"_acf_changed":false},"product_cat":[24791,24638,40,830,16772],"product_tag":[],"bundled_by":[],"bundle_stock_status":"instock","bundle_stock_quantity":7,"bundle_virtual":false,"bundle_layout":"","bundle_add_to_cart_form_location":"","bundle_editable_in_cart":false,"bundle_sold_individually_context":"","bundle_item_grouping":"","bundle_min_size":"","bundle_max_size":"","bundled_items":[],"acf":[],"_links":{"self":[{"href":"https:\/\/beta.alpscigar.com\/en\/wp-json\/wp\/v2\/product\/23092"}],"collection":[{"href":"https:\/\/beta.alpscigar.com\/en\/wp-json\/wp\/v2\/product"}],"about":[{"href":"https:\/\/beta.alpscigar.com\/en\/wp-json\/wp\/v2\/types\/product"}],"wp:featuredmedia":[{"embeddable":true,"href":"https:\/\/beta.alpscigar.com\/en\/wp-json\/wp\/v2\/media\/23248"}],"wp:attachment":[{"href":"https:\/\/beta.alpscigar.com\/en\/wp-json\/wp\/v2\/media?parent=23092"}],"wp:term":[{"taxonomy":"product_cat","embeddable":true,"href":"https:\/\/beta.alpscigar.com\/en\/wp-json\/wp\/v2\/product_cat?post=23092"},{"taxonomy":"product_tag","embeddable":true,"href":"https:\/\/beta.alpscigar.com\/en\/wp-json\/wp\/v2\/product_tag?post=23092"}],"curies":[{"name":"wp","href":"https:\/\/api.w.org\/{rel}","templated":true}]}}