{"id":24616,"date":"2019-11-05T15:59:36","date_gmt":"2019-11-05T14:59:36","guid":{"rendered":"https:\/\/alpscigar.com\/?post_type=product&#038;p=24616"},"modified":"2023-09-26T07:35:57","modified_gmt":"2023-09-26T06:35:57","slug":"punch-regios-de-punch-edicion-limitada-2017","status":"publish","type":"product","link":"https:\/\/beta.alpscigar.com\/en\/shop\/cigares-cubains\/punch\/punch-regios-de-punch-edicion-limitada-2017\/","title":{"rendered":"Punch Regios de Punch Edici\u00f3n Limitada 2017 (25)"},"content":{"rendered":"<p>La nouvelle \u00e9dition limit\u00e9e Punch Regios de Punch Edici\u00f3n Limitada 2017 de la maison Punch ravira les amateurs de cigares d\u2019exception et les collectionneurs.<\/p>\n<p>Ce magnifique Hermoso Especial, au format in\u00e9dit de la marque (bague 48 et 120 mm de longueur), est enrob\u00e9 d\u2019une belle cape maduro lisse et soyeuse. Apr\u00e8s un allumage ais\u00e9, les volutes sont cr\u00e9meuses et offrent des notes bois\u00e9es soutenues de touches v\u00e9g\u00e9tales et de fruits rouges. La puissance s\u2019installe peu \u00e0 peu sans jamais devenir envahissante.<\/p>\n<p>Le 2 \u00e8me tiers nous fait voyager vers des ar\u00f4mes plus doux, avec de subtiles touches de miel et de r\u00e9glisse. Le final gagne encore en rondeur et nous s\u00e9duit par son \u00e9quilibre et sa complexit\u00e9 aromatique.<\/p>","protected":false},"excerpt":{"rendered":"<p>Box of 25 cigars.<\/p>","protected":false},"featured_media":24623,"template":"","meta":{"_acf_changed":false},"product_cat":[24791,40,16717,16772],"product_tag":[],"bundled_by":[],"bundle_stock_status":"outofstock","bundle_stock_quantity":0,"bundle_virtual":false,"bundle_layout":"","bundle_add_to_cart_form_location":"","bundle_editable_in_cart":false,"bundle_sold_individually_context":"","bundle_item_grouping":"","bundle_min_size":"","bundle_max_size":"","bundled_items":[],"acf":[],"_links":{"self":[{"href":"https:\/\/beta.alpscigar.com\/en\/wp-json\/wp\/v2\/product\/24616"}],"collection":[{"href":"https:\/\/beta.alpscigar.com\/en\/wp-json\/wp\/v2\/product"}],"about":[{"href":"https:\/\/beta.alpscigar.com\/en\/wp-json\/wp\/v2\/types\/product"}],"wp:featuredmedia":[{"embeddable":true,"href":"https:\/\/beta.alpscigar.com\/en\/wp-json\/wp\/v2\/media\/24623"}],"wp:attachment":[{"href":"https:\/\/beta.alpscigar.com\/en\/wp-json\/wp\/v2\/media?parent=24616"}],"wp:term":[{"taxonomy":"product_cat","embeddable":true,"href":"https:\/\/beta.alpscigar.com\/en\/wp-json\/wp\/v2\/product_cat?post=24616"},{"taxonomy":"product_tag","embeddable":true,"href":"https:\/\/beta.alpscigar.com\/en\/wp-json\/wp\/v2\/product_tag?post=24616"}],"curies":[{"name":"wp","href":"https:\/\/api.w.org\/{rel}","templated":true}]}}