{"id":28504,"date":"2019-12-13T11:38:02","date_gmt":"2019-12-13T10:38:02","guid":{"rendered":"https:\/\/alpscigar.com\/?post_type=product&#038;p=28504"},"modified":"2023-08-31T14:15:29","modified_gmt":"2023-08-31T13:15:29","slug":"romeo-y-julieta-maravillas-8-8","status":"publish","type":"product","link":"https:\/\/beta.alpscigar.com\/en\/shop\/cigares-cubains\/romeo-y-julieta\/romeo-y-julieta-maravillas-8-8\/","title":{"rendered":"Romeo Y Julieta Maravillas 8 (8)"},"content":{"rendered":"<div class=\"field field-name-body field-type-text-with-summary field-label-hidden\">\n<div class=\"field-items\">\n<div class=\"field-item even\">\n<p>Suite au lancement mondial \u00e0 Hong Kong lors de deux soir\u00e9es \u00e0 th\u00e8me \u00ab\u00a0Vintage Hong-Kong\u00a0\u00bb les 13 et 14 Novembre 2019 au Kerry H\u00f4tel, 240 aficionados ont eu l\u2019opportunit\u00e9 de d\u00e9couvrir <strong>ce nouveau cigare sp\u00e9cialement cr\u00e9\u00e9 pour l\u2019ann\u00e9e du rat.<\/strong><\/p>\n<p>C\u2019est le premier cigare sp\u00e9cialement cr\u00e9\u00e9 par Habanos SA pour c\u00e9l\u00e9brer le nouvel an Chinois. <strong>Il reprend le format \u00ab\u00a0Maravillas No. 3\u00a0\u00bb<\/strong> avec un cepo de 55 pour une longueur de 155 mm, qui avait \u00e9t\u00e9 utilis\u00e9 pour la premi\u00e8re fois pour l\u2019\u00e9dition limit\u00e9e 2012 de Montecristo 520.<\/p>\n<p>Les tabacs utilis\u00e9s pour les Romeo Y Julieta Maravillas 8 ont \u00e9t\u00e9s s\u00e9lectionn\u00e9es dans la meilleure r\u00e9gion productrice de tabac au monde, <strong>la Vuelta Abajo \u00e0 Cuba,<\/strong> tabacs qui ont ensuite \u00e9t\u00e9s roul\u00e9s \u00e0 la main par les meilleurs torcedors cubains.<\/p>\n<p><strong>Le \u201d8\u201d \u00e9tant le chiffre pr\u00e9f\u00e9r\u00e9 dans la soci\u00e9t\u00e9 chinoise,<\/strong> en raison de son lien avec la richesse et la chance, il est donc plus que logique de retrouver 8 cigares \u00e0 l\u2019int\u00e9rieur de chacun des coffrets.<\/p>\n<\/div>\n<\/div>\n<\/div>\n<div class=\"field field-name-field-image-gallery field-type-image field-label-hidden\">\n<div class=\"field-items\"><\/div>\n<\/div>","protected":false},"excerpt":{"rendered":"<p>Coffret de 8 cigares.<\/p>","protected":false},"featured_media":28509,"template":"","meta":{"_acf_changed":false},"product_cat":[24791,40,20218,1925],"product_tag":[],"bundled_by":[],"bundle_stock_status":"outofstock","bundle_stock_quantity":0,"bundle_virtual":false,"bundle_layout":"","bundle_add_to_cart_form_location":"","bundle_editable_in_cart":false,"bundle_sold_individually_context":"","bundle_item_grouping":"","bundle_min_size":"","bundle_max_size":"","bundled_items":[],"acf":[],"_links":{"self":[{"href":"https:\/\/beta.alpscigar.com\/en\/wp-json\/wp\/v2\/product\/28504"}],"collection":[{"href":"https:\/\/beta.alpscigar.com\/en\/wp-json\/wp\/v2\/product"}],"about":[{"href":"https:\/\/beta.alpscigar.com\/en\/wp-json\/wp\/v2\/types\/product"}],"wp:featuredmedia":[{"embeddable":true,"href":"https:\/\/beta.alpscigar.com\/en\/wp-json\/wp\/v2\/media\/28509"}],"wp:attachment":[{"href":"https:\/\/beta.alpscigar.com\/en\/wp-json\/wp\/v2\/media?parent=28504"}],"wp:term":[{"taxonomy":"product_cat","embeddable":true,"href":"https:\/\/beta.alpscigar.com\/en\/wp-json\/wp\/v2\/product_cat?post=28504"},{"taxonomy":"product_tag","embeddable":true,"href":"https:\/\/beta.alpscigar.com\/en\/wp-json\/wp\/v2\/product_tag?post=28504"}],"curies":[{"name":"wp","href":"https:\/\/api.w.org\/{rel}","templated":true}]}}