{"id":29933,"date":"2019-12-20T11:33:36","date_gmt":"2019-12-20T10:33:36","guid":{"rendered":"https:\/\/alpscigar.com\/?post_type=product&#038;p=29933"},"modified":"2023-12-08T16:05:42","modified_gmt":"2023-12-08T15:05:42","slug":"trinidad-esmeralda-sbn-12","status":"publish","type":"product","link":"https:\/\/beta.alpscigar.com\/en\/shop\/cigares-cubains\/trinidad\/trinidad-esmeralda-sbn-12\/","title":{"rendered":"Trinidad Esmeralda SBN (12)"},"content":{"rendered":"<p>Le Trinidad Esmeralda est une nouvelle vitole appel\u00e9e Dinoras, un robusto qui mesure 145 mm de longueur et a un diam\u00e8tre de 21.25 mm (Ring 54). Il est vendu dans des bo\u00eetes de 12 unit\u00e9s.<\/p>","protected":false},"excerpt":{"rendered":"<p>Box of 12 cigars.<\/p>","protected":false},"featured_media":29938,"template":"","meta":{"_acf_changed":false},"product_cat":[24791,40,14874],"product_tag":[],"bundled_by":[],"bundle_stock_status":"instock","bundle_stock_quantity":9,"bundle_virtual":false,"bundle_layout":"","bundle_add_to_cart_form_location":"","bundle_editable_in_cart":false,"bundle_sold_individually_context":"","bundle_item_grouping":"","bundle_min_size":"","bundle_max_size":"","bundled_items":[],"acf":[],"_links":{"self":[{"href":"https:\/\/beta.alpscigar.com\/en\/wp-json\/wp\/v2\/product\/29933"}],"collection":[{"href":"https:\/\/beta.alpscigar.com\/en\/wp-json\/wp\/v2\/product"}],"about":[{"href":"https:\/\/beta.alpscigar.com\/en\/wp-json\/wp\/v2\/types\/product"}],"wp:featuredmedia":[{"embeddable":true,"href":"https:\/\/beta.alpscigar.com\/en\/wp-json\/wp\/v2\/media\/29938"}],"wp:attachment":[{"href":"https:\/\/beta.alpscigar.com\/en\/wp-json\/wp\/v2\/media?parent=29933"}],"wp:term":[{"taxonomy":"product_cat","embeddable":true,"href":"https:\/\/beta.alpscigar.com\/en\/wp-json\/wp\/v2\/product_cat?post=29933"},{"taxonomy":"product_tag","embeddable":true,"href":"https:\/\/beta.alpscigar.com\/en\/wp-json\/wp\/v2\/product_tag?post=29933"}],"curies":[{"name":"wp","href":"https:\/\/api.w.org\/{rel}","templated":true}]}}