{"id":44146,"date":"2020-10-07T12:28:19","date_gmt":"2020-10-07T11:28:19","guid":{"rendered":"https:\/\/alpscigar.com\/?post_type=product&#038;p=44146"},"modified":"2023-09-26T13:13:16","modified_gmt":"2023-09-26T12:13:16","slug":"davidoff-small-batch-no-10-limited-edition-10","status":"publish","type":"product","link":"https:\/\/beta.alpscigar.com\/en\/shop\/dominican-cigars\/davidoff\/davidoff-small-batch-no-10-limited-edition-10\/","title":{"rendered":"Davidoff Small Batch No. 10 Limited Edition (10)"},"content":{"rendered":"<p>Le Davidoff Small Batch No 10 \u00abThe Chedi\u00bb Limited Edition comprend un m\u00e9lange exceptionnel fabriqu\u00e9 par Davidoff Master Blenders \u00e0 l&rsquo;aide de tabacs rares. Ces tabacs n&rsquo;\u00e9taient pas disponibles pour une s\u00e9rie compl\u00e8te, mais ils \u00e9taient tellement bons que Davidoff a d\u00e9cid\u00e9 de cr\u00e9er une petite s\u00e9rie. Ce cigare merveilleusement \u00e9quilibr\u00e9 au format Belicoso est \u00e0 la hauteur du standard Davidoff et convainc par des nuances de go\u00fbt nouvelles et uniques qui fascineront tous les aficionados. Cette fum\u00e9e moyennement forte peut \u00eatre appr\u00e9ci\u00e9e \u00e0 chaque mouvement. Au moins tant qu&rsquo;il en a encore &#8230; <strong>Edition limit\u00e9es \u00e0 560 bundles pour la Suisse.<\/strong><\/p>","protected":false},"excerpt":{"rendered":"<p>Bundle of 10 cigars.<\/p>","protected":false},"featured_media":44150,"template":"","meta":{"_acf_changed":false},"product_cat":[29766,24791,23555,14927,14931,1925,25079],"product_tag":[],"bundled_by":[],"bundle_stock_status":"outofstock","bundle_stock_quantity":0,"bundle_virtual":false,"bundle_layout":"","bundle_add_to_cart_form_location":"","bundle_editable_in_cart":false,"bundle_sold_individually_context":"","bundle_item_grouping":"","bundle_min_size":"","bundle_max_size":"","bundled_items":[],"acf":[],"_links":{"self":[{"href":"https:\/\/beta.alpscigar.com\/en\/wp-json\/wp\/v2\/product\/44146"}],"collection":[{"href":"https:\/\/beta.alpscigar.com\/en\/wp-json\/wp\/v2\/product"}],"about":[{"href":"https:\/\/beta.alpscigar.com\/en\/wp-json\/wp\/v2\/types\/product"}],"wp:featuredmedia":[{"embeddable":true,"href":"https:\/\/beta.alpscigar.com\/en\/wp-json\/wp\/v2\/media\/44150"}],"wp:attachment":[{"href":"https:\/\/beta.alpscigar.com\/en\/wp-json\/wp\/v2\/media?parent=44146"}],"wp:term":[{"taxonomy":"product_cat","embeddable":true,"href":"https:\/\/beta.alpscigar.com\/en\/wp-json\/wp\/v2\/product_cat?post=44146"},{"taxonomy":"product_tag","embeddable":true,"href":"https:\/\/beta.alpscigar.com\/en\/wp-json\/wp\/v2\/product_tag?post=44146"}],"curies":[{"name":"wp","href":"https:\/\/api.w.org\/{rel}","templated":true}]}}