{"id":47049,"date":"2021-01-06T10:22:39","date_gmt":"2021-01-06T09:22:39","guid":{"rendered":"https:\/\/alpscigar.com\/?post_type=product&#038;p=47049"},"modified":"2023-12-07T23:08:17","modified_gmt":"2023-12-07T22:08:17","slug":"davidoff-robusto-intenso-le-2020-ce-10s-10","status":"publish","type":"product","link":"https:\/\/beta.alpscigar.com\/en\/shop\/dominican-cigars\/davidoff\/davidoff-robusto-intenso-le-2020-ce-10s-10\/","title":{"rendered":"Davidoff Robusto Intenso LE 2020 Ce 10&rsquo;s (10)"},"content":{"rendered":"<h4>L&rsquo;HISTOIRE<br \/>\nSIX \u00c9TOILES CR\u00c9ENT LE SIGNE DE LA SOPHISTICATION<\/h4>\n<p>Un nouveau ph\u00e9nom\u00e8ne est apparu dans l&rsquo;univers du cigare : <strong>Le Davidoff Robusto Intenso LE 2020 Ce 10&rsquo;s.<\/strong> Une constellation unique de saveurs et de raffinement. Six des meilleurs \u00e9l\u00e9ments fa\u00e7onn\u00e9s en une forme unique et harmonieuse par nos Master Blenders, mais tous brillants pour cr\u00e9er une exp\u00e9rience inoubliable et d\u00e9finir un caract\u00e8re tr\u00e8s original.<\/p>\n<p>La premi\u00e8re \u00e9toile est le tabac de remplissage aux graines de Havane cultiv\u00e9 dans le riche sol rouge de la terre au nord de Saint-Domingue, ce qui signifie \u00e9pice et intensit\u00e9. La deuxi\u00e8me \u00e9toile est le tabac de remplissage Piloto d&rsquo;une partie exclusive de la Valle del Yaque qui donne de la profondeur \u00e0 l&rsquo;ar\u00f4me. La troisi\u00e8me \u00e9toile est le tabac de remplissage San Vincente Mejorado de Santiago Rodriguez qui apporte de la complexit\u00e9. La quatri\u00e8me \u00e9toile est le tabac de remplissage Hybrid 254 de Jicom\u00e9 qui stimule les papilles gustatives aigres-douces. La cinqui\u00e8me \u00e9toile est la sous-cape San Vicente qui ajoute une autre dimension de douceur. Et la derni\u00e8re \u00e9toile est la cape sp\u00e9ciale \u00e9quatorienne, fabriqu\u00e9e \u00e0 partir de petites quantit\u00e9s exclusivement cultiv\u00e9es pour Davidoff, encerclant le tout avec un piquant singulier.<\/p>\n<p>Cette configuration stellaire d&rsquo;excellence n&rsquo;a \u00e9t\u00e9 aper\u00e7ue qu&rsquo;une seule fois en 2005 lorsqu&rsquo;elle a ravi ceux qui l&rsquo;ont rencontr\u00e9e. Maintenant, il est revenu pour susciter l&rsquo;anticipation d&rsquo;une nouvelle vague d&rsquo;aficionados. Le Davidoff Robusto Intenso LE 2020 est le signe ultime de la sophistication. En termes de notes, cinq \u00e9toiles ne suffiraient pas.<\/p>\n<h4>L&rsquo;ID\u00c9E<\/h4>\n<p>Davidoff ram\u00e8ne le \u00abRobusto Intenso\u00bb, un cigare en \u00e9dition limit\u00e9e lanc\u00e9 pour la premi\u00e8re fois en 2005. Six \u00e9toiles en parfaite harmonie pour le meilleur go\u00fbt &#8211; c&rsquo;est ainsi que les cigares du Davidoff \u00abRobusto Intenso Limited Edition 2020\u00bb sont le mieux d\u00e9crits. Chaque \u00e9toile repr\u00e9sente l&rsquo;un des tabacs utilis\u00e9s sp\u00e9cialement pour ces cigares \u00abRobusto Intenso\u00bb. C&rsquo;est une s\u00e9lection exclusive de tabacs magnifiquement vieillis et parfaitement m\u00e9lang\u00e9s.<br \/>\nLe cigare Robusto, avec des tabacs vieillis pendant sept ans, sera disponible dans des bo\u00eetes de 10 ct pour une dur\u00e9e limit\u00e9e seulement et sera publi\u00e9 avec une \u00e9dition limit\u00e9e Duty Free disponible dans des bo\u00eetes de cinq cigares Robusto.<\/p>\n<h4>SIX \u00c9TOILES CR\u00c9ENT LE SIGNE DE LA SOPHISTICATION&#8230;<\/h4>\n<h4>PAIRING &#8211; UN MARIAGE DOUX ET \u00c9PIC\u00c9<\/h4>\n<p>En raison des saveurs intenses de noix, de chocolat noir et de poivre, le compagnon id\u00e9al doit se d\u00e9lecter des m\u00eames saveurs. Les caract\u00e9ristiques \u00e9pic\u00e9es et sucr\u00e9es du Davidoff Robusto Intenso, se retrouvent dans un bourbon, o\u00f9 la douceur de la vanille s&rsquo;allie aux saveurs de bois de ch\u00eane. Un accord merveilleux o\u00f9 le cigare et le bourbon se compl\u00e8tent.<\/p>\n<div class=\"spec-list-bullet\">\n<ul>\n<li class=\"spec-list-bullet-copy\">Une s\u00e9lection exclusive de six tabacs magnifiquement vieillis et parfaitement m\u00e9lang\u00e9s<\/li>\n<li class=\"spec-list-bullet-copy\">Cet assemblage vintage, \u00e9labor\u00e9 \u00e0 partir de tabacs vieillis pendant sept ans, se d\u00e9lecte de go\u00fbt et de raffinement<\/li>\n<li class=\"spec-list-bullet-copy\">Les cigares sont pr\u00e9sent\u00e9s dans de belles bo\u00eetes avec un design en bois naturel et une ic\u00f4ne mettant en valeur le m\u00e9lange du cigare vintage<\/li>\n<li class=\"spec-list-bullet-copy\">Outre les 10100 bo\u00eetes limit\u00e9es, il y a aussi 1 960 bo\u00eetes en \u00e9dition limit\u00e9e, disponibles exclusivement dans certains endroits hors taxes dans le monde entier.<\/li>\n<li class=\"spec-list-bullet-copy\">Bo\u00eetes num\u00e9rot\u00e9es<\/li>\n<\/ul>\n<\/div>","protected":false},"excerpt":{"rendered":"<p>Box of 10 cigars.<\/p>","protected":false},"featured_media":47053,"template":"","meta":{"_acf_changed":false},"product_cat":[24638,23555,14927,14931],"product_tag":[],"bundled_by":[],"bundle_stock_status":"instock","bundle_stock_quantity":1,"bundle_virtual":false,"bundle_layout":"","bundle_add_to_cart_form_location":"","bundle_editable_in_cart":false,"bundle_sold_individually_context":"","bundle_item_grouping":"","bundle_min_size":"","bundle_max_size":"","bundled_items":[],"acf":[],"_links":{"self":[{"href":"https:\/\/beta.alpscigar.com\/en\/wp-json\/wp\/v2\/product\/47049"}],"collection":[{"href":"https:\/\/beta.alpscigar.com\/en\/wp-json\/wp\/v2\/product"}],"about":[{"href":"https:\/\/beta.alpscigar.com\/en\/wp-json\/wp\/v2\/types\/product"}],"wp:featuredmedia":[{"embeddable":true,"href":"https:\/\/beta.alpscigar.com\/en\/wp-json\/wp\/v2\/media\/47053"}],"wp:attachment":[{"href":"https:\/\/beta.alpscigar.com\/en\/wp-json\/wp\/v2\/media?parent=47049"}],"wp:term":[{"taxonomy":"product_cat","embeddable":true,"href":"https:\/\/beta.alpscigar.com\/en\/wp-json\/wp\/v2\/product_cat?post=47049"},{"taxonomy":"product_tag","embeddable":true,"href":"https:\/\/beta.alpscigar.com\/en\/wp-json\/wp\/v2\/product_tag?post=47049"}],"curies":[{"name":"wp","href":"https:\/\/api.w.org\/{rel}","templated":true}]}}