{"id":52976,"date":"2021-08-25T13:38:24","date_gmt":"2021-08-25T12:38:24","guid":{"rendered":"https:\/\/alpscigar.com\/?post_type=product&#038;p=52976"},"modified":"2023-09-13T12:58:54","modified_gmt":"2023-09-13T11:58:54","slug":"montecristo-double-edmundo-5x3","status":"publish","type":"product","link":"https:\/\/beta.alpscigar.com\/en\/shop\/cigares-cubains\/montecristo\/montecristo-linea-edmundo\/montecristo-double-edmundo-5x3\/","title":{"rendered":"Montecristo Double Edmundo (5&#215;3)"},"content":{"rendered":"<p>Le Montecristo Double Edmundo est dot\u00e9 de la nouvelle bague Montecristo, arborant une feuille de Lys dor\u00e9e. La taille se rapproche du Robusto Extra de Trinidad, un Robusto dont la longueur s&rsquo;\u00e9tend sur 155 mm. La cape est une des plus soyeuses de la gamme Habanos. Lors des premi\u00e8re bouff\u00e9es, le tirage offre une r\u00e9sistance id\u00e9ale. La fum\u00e9e bois\u00e9e et cr\u00e9meuse est tr\u00e8s agr\u00e9able au palais. L&rsquo;\u00e9volution se fait avec douceur, le volume de fum\u00e9e est toujours suffisant, la combustion r\u00e9guli\u00e8re. Le final donne toute la saveur de la marque, le caf\u00e9 et le bois\u00e9 dominent. <strong>Un cigare que l&rsquo;on pourra conserver des ann\u00e9es avec un fort potentiel \u00e9volutif.<\/strong><\/p>","protected":false},"excerpt":{"rendered":"<p>5 bo\u00eetes de 3 cigares.<\/p>","protected":false},"featured_media":52978,"template":"","meta":{"_acf_changed":false},"product_cat":[24791,40,14865,20977],"product_tag":[],"bundled_by":[],"bundle_stock_status":"outofstock","bundle_stock_quantity":0,"bundle_virtual":false,"bundle_layout":"","bundle_add_to_cart_form_location":"","bundle_editable_in_cart":false,"bundle_sold_individually_context":"","bundle_item_grouping":"","bundle_min_size":"","bundle_max_size":"","bundled_items":[],"acf":[],"_links":{"self":[{"href":"https:\/\/beta.alpscigar.com\/en\/wp-json\/wp\/v2\/product\/52976"}],"collection":[{"href":"https:\/\/beta.alpscigar.com\/en\/wp-json\/wp\/v2\/product"}],"about":[{"href":"https:\/\/beta.alpscigar.com\/en\/wp-json\/wp\/v2\/types\/product"}],"wp:featuredmedia":[{"embeddable":true,"href":"https:\/\/beta.alpscigar.com\/en\/wp-json\/wp\/v2\/media\/52978"}],"wp:attachment":[{"href":"https:\/\/beta.alpscigar.com\/en\/wp-json\/wp\/v2\/media?parent=52976"}],"wp:term":[{"taxonomy":"product_cat","embeddable":true,"href":"https:\/\/beta.alpscigar.com\/en\/wp-json\/wp\/v2\/product_cat?post=52976"},{"taxonomy":"product_tag","embeddable":true,"href":"https:\/\/beta.alpscigar.com\/en\/wp-json\/wp\/v2\/product_tag?post=52976"}],"curies":[{"name":"wp","href":"https:\/\/api.w.org\/{rel}","templated":true}]}}