{"id":53103,"date":"2021-08-31T13:32:09","date_gmt":"2021-08-31T12:32:09","guid":{"rendered":"https:\/\/alpscigar.com\/?post_type=product&#038;p=53103"},"modified":"2023-12-11T10:51:13","modified_gmt":"2023-12-11T09:51:13","slug":"partagas-serie-d-no-6-5x5","status":"publish","type":"product","link":"https:\/\/beta.alpscigar.com\/en\/shop\/cigares-cubains\/partagas\/partagas-serie-d-no-6-5x5\/","title":{"rendered":"Partagas Serie D No. 6 (5&#215;5)"},"content":{"rendered":"<p>Partagas d\u00e9veloppe toujours un peu plus sa <strong>S\u00e9rie D.<\/strong> Apr\u00e8s le S\u00e9rie D No. 5, <strong>voici le Partagas Serie D No. 6.<\/strong>\u00a0Plus court,\u00a0<strong>il s\u2019adresse aux fumeurs en manque de temps.<\/strong> Cette vitole se caract\u00e9rise par sa concentration d\u2019ar\u00f4mes dans un format relativement bref. Le tirage ais\u00e9 procure une fum\u00e9e abondante et l\u00e9g\u00e8rement poivr\u00e9e, ce qui n\u2019est pas sans rappeler le Partagas s\u00e9rie P No. 1.<strong>\u00a0Agr\u00e9able et rond, il procure une fum\u00e9e complexe et relativement puissante.<\/strong><\/p>","protected":false},"excerpt":{"rendered":"<p><span>5 boxes of 5 cigars.<\/span><\/p>","protected":false},"featured_media":53104,"template":"","meta":{"_acf_changed":false},"product_cat":[24791,40,14862],"product_tag":[],"bundled_by":[],"bundle_stock_status":"instock","bundle_stock_quantity":13,"bundle_virtual":false,"bundle_layout":"","bundle_add_to_cart_form_location":"","bundle_editable_in_cart":false,"bundle_sold_individually_context":"","bundle_item_grouping":"","bundle_min_size":"","bundle_max_size":"","bundled_items":[],"acf":[],"_links":{"self":[{"href":"https:\/\/beta.alpscigar.com\/en\/wp-json\/wp\/v2\/product\/53103"}],"collection":[{"href":"https:\/\/beta.alpscigar.com\/en\/wp-json\/wp\/v2\/product"}],"about":[{"href":"https:\/\/beta.alpscigar.com\/en\/wp-json\/wp\/v2\/types\/product"}],"wp:featuredmedia":[{"embeddable":true,"href":"https:\/\/beta.alpscigar.com\/en\/wp-json\/wp\/v2\/media\/53104"}],"wp:attachment":[{"href":"https:\/\/beta.alpscigar.com\/en\/wp-json\/wp\/v2\/media?parent=53103"}],"wp:term":[{"taxonomy":"product_cat","embeddable":true,"href":"https:\/\/beta.alpscigar.com\/en\/wp-json\/wp\/v2\/product_cat?post=53103"},{"taxonomy":"product_tag","embeddable":true,"href":"https:\/\/beta.alpscigar.com\/en\/wp-json\/wp\/v2\/product_tag?post=53103"}],"curies":[{"name":"wp","href":"https:\/\/api.w.org\/{rel}","templated":true}]}}