{"id":53203,"date":"2021-09-06T10:11:18","date_gmt":"2021-09-06T09:11:18","guid":{"rendered":"https:\/\/alpscigar.com\/?post_type=product&#038;p=53203"},"modified":"2023-10-12T18:39:58","modified_gmt":"2023-10-12T17:39:58","slug":"vegueros-entretiempos-4x4","status":"publish","type":"product","link":"https:\/\/beta.alpscigar.com\/en\/shop\/cigares-cubains\/vegueros\/vegueros-entretiempos-4x4\/","title":{"rendered":"Vegueros Entretiempos (4&#215;4)"},"content":{"rendered":"<p><strong>Le Vegueros Entretiempos<\/strong>\u00a0est un petit robusto de type \u201cPetit Edmundo\u201d et b\u00e9n\u00e9ficie d\u2019une confection tr\u00e8s soign\u00e9e. La mise en route est tr\u00e8s facile avec un excellent tirage. Ar\u00f4mes d\u2019herbes s\u00e9ch\u00e9es et de sous-bois avec une \u00e9volution vers des notes cacaot\u00e9es.\u00a0<strong>Le Vegueros Entretiempos<\/strong>\u00a0propose une belle \u00e9volution avec une puissance moyenne et en fait un excellent cigare du matin ou d\u2019ap\u00e9ritif.<\/p>","protected":false},"excerpt":{"rendered":"<p><span><span>4 bo\u00eetes de 4 cigares.<\/span><\/span><\/p>","protected":false},"featured_media":53204,"template":"","meta":{"_acf_changed":false},"product_cat":[24791,24638,40,16735],"product_tag":[],"bundled_by":[],"bundle_stock_status":"outofstock","bundle_stock_quantity":0,"bundle_virtual":false,"bundle_layout":"","bundle_add_to_cart_form_location":"","bundle_editable_in_cart":false,"bundle_sold_individually_context":"","bundle_item_grouping":"","bundle_min_size":"","bundle_max_size":"","bundled_items":[],"acf":[],"_links":{"self":[{"href":"https:\/\/beta.alpscigar.com\/en\/wp-json\/wp\/v2\/product\/53203"}],"collection":[{"href":"https:\/\/beta.alpscigar.com\/en\/wp-json\/wp\/v2\/product"}],"about":[{"href":"https:\/\/beta.alpscigar.com\/en\/wp-json\/wp\/v2\/types\/product"}],"wp:featuredmedia":[{"embeddable":true,"href":"https:\/\/beta.alpscigar.com\/en\/wp-json\/wp\/v2\/media\/53204"}],"wp:attachment":[{"href":"https:\/\/beta.alpscigar.com\/en\/wp-json\/wp\/v2\/media?parent=53203"}],"wp:term":[{"taxonomy":"product_cat","embeddable":true,"href":"https:\/\/beta.alpscigar.com\/en\/wp-json\/wp\/v2\/product_cat?post=53203"},{"taxonomy":"product_tag","embeddable":true,"href":"https:\/\/beta.alpscigar.com\/en\/wp-json\/wp\/v2\/product_tag?post=53203"}],"curies":[{"name":"wp","href":"https:\/\/api.w.org\/{rel}","templated":true}]}}