{"id":53207,"date":"2021-09-06T10:56:41","date_gmt":"2021-09-06T09:56:41","guid":{"rendered":"https:\/\/alpscigar.com\/?post_type=product&#038;p=53207"},"modified":"2023-09-20T10:26:27","modified_gmt":"2023-09-20T09:26:27","slug":"vegueros-tapados-4x4","status":"publish","type":"product","link":"https:\/\/beta.alpscigar.com\/en\/shop\/cigares-cubains\/vegueros\/vegueros-tapados-4x4\/","title":{"rendered":"Vegueros Tapados (4&#215;4)"},"content":{"rendered":"<p><strong>Les Vegueros Tapados font 120 mm de long.<\/strong> Ils re\u00e7oivent un diam\u00e8tre de 18.26 mm. Au total, ils affichent un calibre 46. La vitola de galera est dite Mareva Gruesa, soit, un module petit corona si l\u2019on utilise l\u2019appellation en vigueur sur le march\u00e9 international (vitola de salida). Tout est synonyme de perfection sur le cigare. Entre autres, le tirage et la combustibilit\u00e9 se r\u00e9v\u00e8lent sans faille.<\/p>\n<p>Cigare \u00e0 tripe longue, le\u00a0Vegueros\u00a0Tapados est aussi un cigare artisanal puisqu\u2019il est confectionn\u00e9 \u00e0 la main par les torcedores de la manufacture Francisco Donatien. Cette derni\u00e8re se trouve dans la province cubaine de Pinar del R\u00edo d\u2019o\u00f9 provient le tabac utilis\u00e9 pour la fabrication des Vegueros Tapados. En effet, la marque int\u00e8gre dans cette vitole le prestigieux tabac des plantations de La Vuelta Abajo, r\u00e9gion situ\u00e9e dans cette m\u00eame province.<\/p>\n<p>Le puro d\u00e9ploie une force moyenne. Dans sa palette aromatique figure une imposante touche v\u00e9g\u00e9tale associ\u00e9e \u00e0 l\u2019odeur typique de l\u2019herbe. Une nuance terreuse se r\u00e9pand \u00e9galement sur le palais du fumeur. Puis, discr\u00e8tement, \u00e0 chaque tirage, des notes cr\u00e9meuses et sucr\u00e9es enveloppent sa langue. Ce\u00a0cigare cubain se d\u00e9guste de pr\u00e9f\u00e9rence en matin\u00e9e durant une d\u00e9licieuse pause de 30 minutes. Et si c\u2019est possible, on accompagne la d\u00e9gustation d\u2019un verre de rhum. Oui, les Vegueros Tapados sont, sans nul doute, des cigares imp\u00e9tueux\u00a0!<\/p>","protected":false},"excerpt":{"rendered":"<p>4 bo\u00eetes de 4 cigares.<\/p>","protected":false},"featured_media":53208,"template":"","meta":{"_acf_changed":false},"product_cat":[24791,40,16735],"product_tag":[],"bundled_by":[],"bundle_stock_status":"outofstock","bundle_stock_quantity":0,"bundle_virtual":false,"bundle_layout":"","bundle_add_to_cart_form_location":"","bundle_editable_in_cart":false,"bundle_sold_individually_context":"","bundle_item_grouping":"","bundle_min_size":"","bundle_max_size":"","bundled_items":[],"acf":[],"_links":{"self":[{"href":"https:\/\/beta.alpscigar.com\/en\/wp-json\/wp\/v2\/product\/53207"}],"collection":[{"href":"https:\/\/beta.alpscigar.com\/en\/wp-json\/wp\/v2\/product"}],"about":[{"href":"https:\/\/beta.alpscigar.com\/en\/wp-json\/wp\/v2\/types\/product"}],"wp:featuredmedia":[{"embeddable":true,"href":"https:\/\/beta.alpscigar.com\/en\/wp-json\/wp\/v2\/media\/53208"}],"wp:attachment":[{"href":"https:\/\/beta.alpscigar.com\/en\/wp-json\/wp\/v2\/media?parent=53207"}],"wp:term":[{"taxonomy":"product_cat","embeddable":true,"href":"https:\/\/beta.alpscigar.com\/en\/wp-json\/wp\/v2\/product_cat?post=53207"},{"taxonomy":"product_tag","embeddable":true,"href":"https:\/\/beta.alpscigar.com\/en\/wp-json\/wp\/v2\/product_tag?post=53207"}],"curies":[{"name":"wp","href":"https:\/\/api.w.org\/{rel}","templated":true}]}}