{"id":53373,"date":"2021-09-16T11:49:01","date_gmt":"2021-09-16T10:49:01","guid":{"rendered":"https:\/\/alpscigar.com\/?post_type=product&#038;p=53373"},"modified":"2025-05-29T14:13:00","modified_gmt":"2025-05-29T13:13:00","slug":"inca-imperio-gigante-20","status":"publish","type":"product","link":"https:\/\/beta.alpscigar.com\/en\/shop\/peruvian-cigars\/inca\/inca-imperio-gigante-20\/","title":{"rendered":"Inca Imperio Gigante (20)"},"content":{"rendered":"<p><strong>Les cigares Inca Imperio Gigante sont fabriqu\u00e9s \u00e0 partir de tabac 100% p\u00e9ruvien vieilli minimum 3 ans.<\/strong> Le marchand de cigares britannique Mitchell Orchant est \u00e0 l&rsquo;origine de la marque Inca. Il cherchait un cigare au go\u00fbt diff\u00e9rent des autres cigares du \u00ab Nouveau Monde \u00bb.\u00a0Pour cette raison, il a commenc\u00e9 une coop\u00e9ration avec Gennaro Lettieri de la Tabacalera del Oriente au P\u00e9rou en 2012 et a initialement propos\u00e9 les cigares Inca sur le march\u00e9 britannique.\u00a0Ils ont \u00e9t\u00e9 introduits aux \u00c9tats-Unis en 2015 et sont finalement arriv\u00e9s en Suisse en 2021.<\/p>\n<p><strong>Packaging<br \/>\n<\/strong>Les bo\u00eetes sont con\u00e7ues de mani\u00e8re \u00e0 faire un clin d&rsquo;oeil aux anciens temples incas par leur forme et leur d\u00e9coration. La bague de cigare est \u00e9galement cr\u00e9\u00e9e en m\u00e9moire de la culture Inca.<\/p>\n<p><strong>Cr\u00e9meux au th\u00e9 et \u00e0 la r\u00e9glisse<br \/>\n<\/strong>Une l\u00e9g\u00e8re onctuosit\u00e9, des ar\u00f4mes doux \u00e0 moyennement forts qui rappellent le th\u00e9, les noix et la r\u00e9glisse s\u00e9duisent les aficionados des hautes vall\u00e9es fertiles des Andes.<\/p>","protected":false},"excerpt":{"rendered":"<p>Box of 20 cigars.<\/p>","protected":false},"featured_media":53385,"template":"","meta":{"_acf_changed":false},"product_cat":[24791,21990,24720,24644,24645],"product_tag":[],"bundled_by":[],"bundle_stock_status":"instock","bundle_stock_quantity":null,"bundle_virtual":false,"bundle_layout":"","bundle_add_to_cart_form_location":"","bundle_editable_in_cart":false,"bundle_sold_individually_context":"","bundle_item_grouping":"","bundle_min_size":"","bundle_max_size":"","bundled_items":[],"acf":[],"_links":{"self":[{"href":"https:\/\/beta.alpscigar.com\/en\/wp-json\/wp\/v2\/product\/53373"}],"collection":[{"href":"https:\/\/beta.alpscigar.com\/en\/wp-json\/wp\/v2\/product"}],"about":[{"href":"https:\/\/beta.alpscigar.com\/en\/wp-json\/wp\/v2\/types\/product"}],"wp:featuredmedia":[{"embeddable":true,"href":"https:\/\/beta.alpscigar.com\/en\/wp-json\/wp\/v2\/media\/53385"}],"wp:attachment":[{"href":"https:\/\/beta.alpscigar.com\/en\/wp-json\/wp\/v2\/media?parent=53373"}],"wp:term":[{"taxonomy":"product_cat","embeddable":true,"href":"https:\/\/beta.alpscigar.com\/en\/wp-json\/wp\/v2\/product_cat?post=53373"},{"taxonomy":"product_tag","embeddable":true,"href":"https:\/\/beta.alpscigar.com\/en\/wp-json\/wp\/v2\/product_tag?post=53373"}],"curies":[{"name":"wp","href":"https:\/\/api.w.org\/{rel}","templated":true}]}}