{"id":53785,"date":"2021-10-11T09:26:47","date_gmt":"2021-10-11T08:26:47","guid":{"rendered":"https:\/\/alpscigar.com\/?post_type=product&#038;p=53785"},"modified":"2023-12-12T09:01:59","modified_gmt":"2023-12-12T08:01:59","slug":"ashton-classic-cordial-25","status":"publish","type":"product","link":"https:\/\/beta.alpscigar.com\/en\/shop\/dominican-cigars\/ashton\/ashton-classic\/ashton-classic-cordial-25\/","title":{"rendered":"Ashton Classic Cordial (25)"},"content":{"rendered":"<p>Sa longueur est d\u00e9finie \u00e0 12,5\u00a0cm et il est dot\u00e9 d\u2019un diam\u00e8tre de 11,9\u00a0mm. La vitole forme un calibre\u00a030. <strong>L\u2019Ashton Classic Cordial se consume durant 25 minutes.<\/strong> La marque fabrique ce cigare \u00e0 tripe longue en R\u00e9publique Dominicaine. Il est enti\u00e8rement \u00e9labor\u00e9 \u00e0 la main avec une tripe et une sous-cape compos\u00e9es de tabac de la R\u00e9publique dominicaine. Ce tabac a pr\u00e9alablement subi un vieillissement sur 3 \u00e0 4 ann\u00e9es. Quant \u00e0 la cape dor\u00e9e, elle est con\u00e7ue avec des feuilles de tabac cultiv\u00e9 sous serre dans les plantations qui bordent le fleuve Connecticut (Massachusetts \u2013 USA).<\/p>\n<p>L\u2019Ashton Classic Cordial est un cigare moyen si l\u2019on consid\u00e8re sa puissance. En bouche, il lib\u00e8re une fum\u00e9e velout\u00e9e et cr\u00e9meuse qui \u00e9tale sur le palais une douce note bois\u00e9e m\u00eal\u00e9e \u00e0 une saveur de noix. Le tirage est agr\u00e9able et la combustibilit\u00e9 progresse de mani\u00e8re uniforme. Pour r\u00e9sumer, cette vitole a tout du cigare dominicain haut de gamme. Elle pla\u00eet aussi bien aux apprentis fumeurs qu\u2019aux grands exp\u00e9riment\u00e9s. On s\u2019offre un\u00a0Ashton\u00a0Classic Cordial lorsqu\u2019on a une forte envie de se d\u00e9lecter d\u2019un cigare de choix dans un temps limit\u00e9.<\/p>","protected":false},"excerpt":{"rendered":"<p>Box of 25 cigars.<\/p>","protected":false},"featured_media":53786,"template":"","meta":{"_acf_changed":false},"product_cat":[24791,24638,21990,24719,23555,24722,24737],"product_tag":[],"bundled_by":[],"bundle_stock_status":"instock","bundle_stock_quantity":2,"bundle_virtual":false,"bundle_layout":"","bundle_add_to_cart_form_location":"","bundle_editable_in_cart":false,"bundle_sold_individually_context":"","bundle_item_grouping":"","bundle_min_size":"","bundle_max_size":"","bundled_items":[],"acf":[],"_links":{"self":[{"href":"https:\/\/beta.alpscigar.com\/en\/wp-json\/wp\/v2\/product\/53785"}],"collection":[{"href":"https:\/\/beta.alpscigar.com\/en\/wp-json\/wp\/v2\/product"}],"about":[{"href":"https:\/\/beta.alpscigar.com\/en\/wp-json\/wp\/v2\/types\/product"}],"wp:featuredmedia":[{"embeddable":true,"href":"https:\/\/beta.alpscigar.com\/en\/wp-json\/wp\/v2\/media\/53786"}],"wp:attachment":[{"href":"https:\/\/beta.alpscigar.com\/en\/wp-json\/wp\/v2\/media?parent=53785"}],"wp:term":[{"taxonomy":"product_cat","embeddable":true,"href":"https:\/\/beta.alpscigar.com\/en\/wp-json\/wp\/v2\/product_cat?post=53785"},{"taxonomy":"product_tag","embeddable":true,"href":"https:\/\/beta.alpscigar.com\/en\/wp-json\/wp\/v2\/product_tag?post=53785"}],"curies":[{"name":"wp","href":"https:\/\/api.w.org\/{rel}","templated":true}]}}