{"id":55901,"date":"2021-11-29T11:38:26","date_gmt":"2021-11-29T10:38:26","guid":{"rendered":"https:\/\/alpscigar.com\/?post_type=product&#038;p=55901"},"modified":"2023-11-27T13:22:59","modified_gmt":"2023-11-27T12:22:59","slug":"camacho-ecuador-robusto-20","status":"publish","type":"product","link":"https:\/\/beta.alpscigar.com\/en\/shop\/honduran-cigars\/camacho\/camacho-ecuador\/camacho-ecuador-robusto-20\/","title":{"rendered":"Camacho Ecuador Robusto (20)"},"content":{"rendered":"<p>Le Camacho Ecuador Robusto est le petit module de la gamme Ecuador de Camacho. La s\u00e9rie Ecuador s&rsquo;inscrit sur l&rsquo;\u00e9chelle de la puissance entre la gamme la Connecticut et Corojo. Ce beau Camacho Ecuador Robusto a tr\u00e8s bonne allure, roul\u00e9 dans sa cape d&rsquo;Equateur, cultiv\u00e9 dans les sols du pied de la barri\u00e8re des Andes. La combustion est bonne et la palette aromatique bien coordonn\u00e9e. La belle harmonie des saveurs florales et d&rsquo;agrumes se renforce par une accroche en bouche plus poivr\u00e9e.<\/p>","protected":false},"excerpt":{"rendered":"<p><span><span><span>Box of 20 cigars.<\/span><\/span><\/span><\/p>","protected":false},"featured_media":55914,"template":"","meta":{"_acf_changed":false},"product_cat":[24791,21990,24721,25046,25047,25048],"product_tag":[],"bundled_by":[],"bundle_stock_status":"instock","bundle_stock_quantity":null,"bundle_virtual":false,"bundle_layout":"","bundle_add_to_cart_form_location":"","bundle_editable_in_cart":false,"bundle_sold_individually_context":"","bundle_item_grouping":"","bundle_min_size":"","bundle_max_size":"","bundled_items":[],"acf":[],"_links":{"self":[{"href":"https:\/\/beta.alpscigar.com\/en\/wp-json\/wp\/v2\/product\/55901"}],"collection":[{"href":"https:\/\/beta.alpscigar.com\/en\/wp-json\/wp\/v2\/product"}],"about":[{"href":"https:\/\/beta.alpscigar.com\/en\/wp-json\/wp\/v2\/types\/product"}],"wp:featuredmedia":[{"embeddable":true,"href":"https:\/\/beta.alpscigar.com\/en\/wp-json\/wp\/v2\/media\/55914"}],"wp:attachment":[{"href":"https:\/\/beta.alpscigar.com\/en\/wp-json\/wp\/v2\/media?parent=55901"}],"wp:term":[{"taxonomy":"product_cat","embeddable":true,"href":"https:\/\/beta.alpscigar.com\/en\/wp-json\/wp\/v2\/product_cat?post=55901"},{"taxonomy":"product_tag","embeddable":true,"href":"https:\/\/beta.alpscigar.com\/en\/wp-json\/wp\/v2\/product_tag?post=55901"}],"curies":[{"name":"wp","href":"https:\/\/api.w.org\/{rel}","templated":true}]}}