{"id":55903,"date":"2021-11-29T11:38:26","date_gmt":"2021-11-29T10:38:26","guid":{"rendered":"https:\/\/alpscigar.com\/?post_type=product&#038;p=55903"},"modified":"2023-11-27T13:22:56","modified_gmt":"2023-11-27T12:22:56","slug":"camacho-ecuador-gordo-20","status":"publish","type":"product","link":"https:\/\/beta.alpscigar.com\/en\/shop\/honduran-cigars\/camacho\/camacho-ecuador\/camacho-ecuador-gordo-20\/","title":{"rendered":"Camacho Ecuador Gordo (20)"},"content":{"rendered":"<p>Imposant, le Camacho Ecuador Gordo est tout sauf discret. Le cigare est dense au toucher, sans vide, ni zones trop fermes. Les premi\u00e8res bouff\u00e9es donnent une bonne impression. Relativement court en bouche sur la premi\u00e8re partie de la d\u00e9gustation, la personnalit\u00e9 se renforce en cours de fumage. Les accords d&rsquo;ar\u00f4mes de cuir et de caf\u00e9 sont accompagn\u00e9s de quelques touches terreuses, plut\u00f4t s\u00e8ches. Un module agr\u00e9able.<\/p>","protected":false},"excerpt":{"rendered":"<p><span><span>Box of 20 cigars.<\/span><\/span><\/p>","protected":false},"featured_media":55912,"template":"","meta":{"_acf_changed":false},"product_cat":[24791,21990,24721,25046,25047,25048],"product_tag":[],"bundled_by":[],"bundle_stock_status":"instock","bundle_stock_quantity":null,"bundle_virtual":false,"bundle_layout":"","bundle_add_to_cart_form_location":"","bundle_editable_in_cart":false,"bundle_sold_individually_context":"","bundle_item_grouping":"","bundle_min_size":"","bundle_max_size":"","bundled_items":[],"acf":[],"_links":{"self":[{"href":"https:\/\/beta.alpscigar.com\/en\/wp-json\/wp\/v2\/product\/55903"}],"collection":[{"href":"https:\/\/beta.alpscigar.com\/en\/wp-json\/wp\/v2\/product"}],"about":[{"href":"https:\/\/beta.alpscigar.com\/en\/wp-json\/wp\/v2\/types\/product"}],"wp:featuredmedia":[{"embeddable":true,"href":"https:\/\/beta.alpscigar.com\/en\/wp-json\/wp\/v2\/media\/55912"}],"wp:attachment":[{"href":"https:\/\/beta.alpscigar.com\/en\/wp-json\/wp\/v2\/media?parent=55903"}],"wp:term":[{"taxonomy":"product_cat","embeddable":true,"href":"https:\/\/beta.alpscigar.com\/en\/wp-json\/wp\/v2\/product_cat?post=55903"},{"taxonomy":"product_tag","embeddable":true,"href":"https:\/\/beta.alpscigar.com\/en\/wp-json\/wp\/v2\/product_tag?post=55903"}],"curies":[{"name":"wp","href":"https:\/\/api.w.org\/{rel}","templated":true}]}}