{"id":55992,"date":"2021-12-01T10:34:19","date_gmt":"2021-12-01T09:34:19","guid":{"rendered":"https:\/\/alpscigar.com\/?post_type=product&#038;p=55992"},"modified":"2025-05-29T14:38:10","modified_gmt":"2025-05-29T13:38:10","slug":"merchant-big-robusto-20","status":"publish","type":"product","link":"https:\/\/beta.alpscigar.com\/en\/shop\/nicaraguan-cigars\/merchant\/merchant-big-robusto-20\/","title":{"rendered":"Merchant Big Robusto (20)"},"content":{"rendered":"<p><strong>Les saveurs du Merchant Big Robusto<\/strong> se d\u00e9veloppent avec \u00e9l\u00e9gance et il peut facilement \u00eatre d\u00e9vor\u00e9 en moins d&rsquo;une heure. Gr\u00e2ce \u00e0 son calibre 64, le Merchant Big Robusto est capable de d\u00e9livrer un solide punch de 8\/10 de saveurs complexes, soutenu par une force de 6 \u00e0 6,5\/10, sans que cela ne prenne beaucoup de temps. Il n&rsquo;est pas surprenant que les Robustos soient actuellement l&rsquo;un des formats de cigare les plus en vogue.<\/p>\n<p>Si vous \u00eates familier avec les Coh\u00edba Robustos ou le Partag\u00e1s Serie D No. 4, vous allez vous r\u00e9galer avec le Big Robusto lorsque vous d\u00e9couvrirez ce nouveau cigare premium.<\/p>\n<p>La grappe et le tabac de remplissage sont cultiv\u00e9s dans les sols noirs les plus denses de la c\u00e9l\u00e8bre r\u00e9gion d&rsquo;Esteli au Nicaragua. Les conditions de culture parfaites, ici au point culminant de la vall\u00e9e, produisent des plants de tabac vigoureux qui donnent un piquant caract\u00e9ristique con\u00e7u pour ravir les palais les plus exigeants.<\/p>","protected":false},"excerpt":{"rendered":"<p>Box of 20 cigars.<\/p>","protected":false},"featured_media":56009,"template":"","meta":{"_acf_changed":false},"product_cat":[24791,24638,24035,25072],"product_tag":[],"bundled_by":[],"bundle_stock_status":"instock","bundle_stock_quantity":null,"bundle_virtual":false,"bundle_layout":"","bundle_add_to_cart_form_location":"","bundle_editable_in_cart":false,"bundle_sold_individually_context":"","bundle_item_grouping":"","bundle_min_size":"","bundle_max_size":"","bundled_items":[],"acf":[],"_links":{"self":[{"href":"https:\/\/beta.alpscigar.com\/en\/wp-json\/wp\/v2\/product\/55992"}],"collection":[{"href":"https:\/\/beta.alpscigar.com\/en\/wp-json\/wp\/v2\/product"}],"about":[{"href":"https:\/\/beta.alpscigar.com\/en\/wp-json\/wp\/v2\/types\/product"}],"wp:featuredmedia":[{"embeddable":true,"href":"https:\/\/beta.alpscigar.com\/en\/wp-json\/wp\/v2\/media\/56009"}],"wp:attachment":[{"href":"https:\/\/beta.alpscigar.com\/en\/wp-json\/wp\/v2\/media?parent=55992"}],"wp:term":[{"taxonomy":"product_cat","embeddable":true,"href":"https:\/\/beta.alpscigar.com\/en\/wp-json\/wp\/v2\/product_cat?post=55992"},{"taxonomy":"product_tag","embeddable":true,"href":"https:\/\/beta.alpscigar.com\/en\/wp-json\/wp\/v2\/product_tag?post=55992"}],"curies":[{"name":"wp","href":"https:\/\/api.w.org\/{rel}","templated":true}]}}