{"id":55994,"date":"2021-12-01T10:34:21","date_gmt":"2021-12-01T09:34:21","guid":{"rendered":"https:\/\/alpscigar.com\/?post_type=product&#038;p=55994"},"modified":"2023-09-06T03:04:46","modified_gmt":"2023-09-06T02:04:46","slug":"merchant-double-corona-20","status":"publish","type":"product","link":"https:\/\/beta.alpscigar.com\/en\/shop\/nicaraguan-cigars\/merchant\/merchant-double-corona-20\/","title":{"rendered":"Merchant Double Corona (20)"},"content":{"rendered":"<p><strong>Le Merchant Double Corona<\/strong> fait partie des l\u00e9gendes. Alors quand il est temps de se d\u00e9tendre autour d&rsquo;un feu ouvert, sortez votre guillotine et cimentez un autre souvenir ind\u00e9l\u00e9bile. C&rsquo;est le pouvoir d&rsquo;un bon cigare.<\/p>\n<p>Lorsque vous disposez de quelques heures pour vous attarder sur une cigarette et vous \u00e9merveiller de la fa\u00e7on dont sa saveur et sa puissance se d\u00e9veloppent si doucement au cours de trois phases distinctes, vous voulez \u00eatre s\u00fbr de tenir le bon cigare, ce cigare. Il s&rsquo;agit d&rsquo;un cigare nicaraguayen de qualit\u00e9 sup\u00e9rieure, fabriqu\u00e9 \u00e0 partir d&rsquo;une tripe et d&rsquo;une sous-cape 100 % nicaraguayennes, s\u00e9lectionn\u00e9es pour leurs saveurs puissantes et audacieuses (8\/10), avec un soup\u00e7on d&rsquo;\u00e9pices, le tout envelopp\u00e9 dans une cape exquise de l&rsquo;\u00c9quateur qui lui conf\u00e8re la puissance n\u00e9cessaire (6\/10).<\/p>","protected":false},"excerpt":{"rendered":"<p>Box of 20 cigars.<\/p>","protected":false},"featured_media":56012,"template":"","meta":{"_acf_changed":false},"product_cat":[24791,24035,25072],"product_tag":[],"bundled_by":[],"bundle_stock_status":"instock","bundle_stock_quantity":1,"bundle_virtual":false,"bundle_layout":"","bundle_add_to_cart_form_location":"","bundle_editable_in_cart":false,"bundle_sold_individually_context":"","bundle_item_grouping":"","bundle_min_size":"","bundle_max_size":"","bundled_items":[],"acf":[],"_links":{"self":[{"href":"https:\/\/beta.alpscigar.com\/en\/wp-json\/wp\/v2\/product\/55994"}],"collection":[{"href":"https:\/\/beta.alpscigar.com\/en\/wp-json\/wp\/v2\/product"}],"about":[{"href":"https:\/\/beta.alpscigar.com\/en\/wp-json\/wp\/v2\/types\/product"}],"wp:featuredmedia":[{"embeddable":true,"href":"https:\/\/beta.alpscigar.com\/en\/wp-json\/wp\/v2\/media\/56012"}],"wp:attachment":[{"href":"https:\/\/beta.alpscigar.com\/en\/wp-json\/wp\/v2\/media?parent=55994"}],"wp:term":[{"taxonomy":"product_cat","embeddable":true,"href":"https:\/\/beta.alpscigar.com\/en\/wp-json\/wp\/v2\/product_cat?post=55994"},{"taxonomy":"product_tag","embeddable":true,"href":"https:\/\/beta.alpscigar.com\/en\/wp-json\/wp\/v2\/product_tag?post=55994"}],"curies":[{"name":"wp","href":"https:\/\/api.w.org\/{rel}","templated":true}]}}