{"id":57518,"date":"2022-01-25T16:40:51","date_gmt":"2022-01-25T15:40:51","guid":{"rendered":"https:\/\/alpscigar.com\/?post_type=product&#038;p=57518"},"modified":"2023-12-01T16:52:24","modified_gmt":"2023-12-01T15:52:24","slug":"romeo-y-julieta-linea-de-oro-dianas-20","status":"publish","type":"product","link":"https:\/\/beta.alpscigar.com\/en\/shop\/cigares-cubains\/romeo-y-julieta\/romeo-y-julieta-linea-de-oro\/romeo-y-julieta-linea-de-oro-dianas-20\/","title":{"rendered":"Romeo Y Julieta Linea de Oro Dianas (20)"},"content":{"rendered":"<p><strong>Le Romeo Y Julieta Dianas<\/strong> fait partie de la nouvelle ligne \u00ab\u00a0L\u00ednea de Oro\u00a0\u00bb, en espagnol pour <strong><em>la ligne d&rsquo;or<\/em><\/strong>. La Linea de Oro c\u00e9l\u00e8bre le 145 \u00e8me anniversaire de la marque Romeo Y Julieta. C&rsquo;est la premi\u00e8re fois que Habanos SA cr\u00e9e une sous-marque de production r\u00e9guli\u00e8re au sein de Romeo y Julieta.<\/p>","protected":false},"excerpt":{"rendered":"<p>Box of 20 cigars.<\/p>","protected":false},"featured_media":57519,"template":"","meta":{"_acf_changed":false},"product_cat":[25216,24791,40,20218],"product_tag":[],"bundled_by":[],"bundle_stock_status":"instock","bundle_stock_quantity":7,"bundle_virtual":false,"bundle_layout":"","bundle_add_to_cart_form_location":"","bundle_editable_in_cart":false,"bundle_sold_individually_context":"","bundle_item_grouping":"","bundle_min_size":"","bundle_max_size":"","bundled_items":[],"acf":[],"_links":{"self":[{"href":"https:\/\/beta.alpscigar.com\/en\/wp-json\/wp\/v2\/product\/57518"}],"collection":[{"href":"https:\/\/beta.alpscigar.com\/en\/wp-json\/wp\/v2\/product"}],"about":[{"href":"https:\/\/beta.alpscigar.com\/en\/wp-json\/wp\/v2\/types\/product"}],"wp:featuredmedia":[{"embeddable":true,"href":"https:\/\/beta.alpscigar.com\/en\/wp-json\/wp\/v2\/media\/57519"}],"wp:attachment":[{"href":"https:\/\/beta.alpscigar.com\/en\/wp-json\/wp\/v2\/media?parent=57518"}],"wp:term":[{"taxonomy":"product_cat","embeddable":true,"href":"https:\/\/beta.alpscigar.com\/en\/wp-json\/wp\/v2\/product_cat?post=57518"},{"taxonomy":"product_tag","embeddable":true,"href":"https:\/\/beta.alpscigar.com\/en\/wp-json\/wp\/v2\/product_tag?post=57518"}],"curies":[{"name":"wp","href":"https:\/\/api.w.org\/{rel}","templated":true}]}}