{"id":57834,"date":"2022-02-01T13:38:57","date_gmt":"2022-02-01T12:38:57","guid":{"rendered":"https:\/\/alpscigar.com\/?post_type=product&#038;p=57834"},"modified":"2023-12-12T08:31:26","modified_gmt":"2023-12-12T07:31:26","slug":"horacio-aniversario-10-12","status":"publish","type":"product","link":"https:\/\/beta.alpscigar.com\/en\/shop\/nicaraguan-cigars\/horacio\/horacio-aniversario-10-12\/","title":{"rendered":"Horacio Aniversario 10 (12)"},"content":{"rendered":"<p>L&rsquo;Horacio Aniversario 10 est un produit d&rsquo;exception, une s\u00e9rie \u00ab\u00a0HORACIO Edici\u00f3n limitada\u00a0\u00bb dans une bo\u00eete num\u00e9rot\u00e9e. Il a sp\u00e9cialement \u00e9t\u00e9 cr\u00e9\u00e9 pour les 10 ans de la prestigieuse marque. Ce cigare Premium est \u00e9labor\u00e9 avec des feuilles vieillies, s\u00e9lectionn\u00e9es et contr\u00f4l\u00e9es en provenance des meilleures plantations de la R\u00e9publique du Nicaragua et d&rsquo;\u00c9quateur.<\/p>\n<p>Tous les cigares Horacio sont produits totalement \u00e0 la main par les meilleurs Torcedores de la fabrique Horacio.<\/p>\n<p>Un cigare savoureux, parfaitement \u00e9quilibr\u00e9 et aux ar\u00f4mes subtils et complexes. Edicion Limitada. Chaque boite est num\u00e9rot\u00e9e et contient 12 cigares.<\/p>","protected":false},"excerpt":{"rendered":"<p>Box of 12 cigars.<\/p>","protected":false},"featured_media":57833,"template":"","meta":{"_acf_changed":false},"product_cat":[24791,24035,25063],"product_tag":[],"bundled_by":[],"bundle_stock_status":"instock","bundle_stock_quantity":13,"bundle_virtual":false,"bundle_layout":"","bundle_add_to_cart_form_location":"","bundle_editable_in_cart":false,"bundle_sold_individually_context":"","bundle_item_grouping":"","bundle_min_size":"","bundle_max_size":"","bundled_items":[],"acf":[],"_links":{"self":[{"href":"https:\/\/beta.alpscigar.com\/en\/wp-json\/wp\/v2\/product\/57834"}],"collection":[{"href":"https:\/\/beta.alpscigar.com\/en\/wp-json\/wp\/v2\/product"}],"about":[{"href":"https:\/\/beta.alpscigar.com\/en\/wp-json\/wp\/v2\/types\/product"}],"wp:featuredmedia":[{"embeddable":true,"href":"https:\/\/beta.alpscigar.com\/en\/wp-json\/wp\/v2\/media\/57833"}],"wp:attachment":[{"href":"https:\/\/beta.alpscigar.com\/en\/wp-json\/wp\/v2\/media?parent=57834"}],"wp:term":[{"taxonomy":"product_cat","embeddable":true,"href":"https:\/\/beta.alpscigar.com\/en\/wp-json\/wp\/v2\/product_cat?post=57834"},{"taxonomy":"product_tag","embeddable":true,"href":"https:\/\/beta.alpscigar.com\/en\/wp-json\/wp\/v2\/product_tag?post=57834"}],"curies":[{"name":"wp","href":"https:\/\/api.w.org\/{rel}","templated":true}]}}