{"id":57902,"date":"2022-02-02T15:39:43","date_gmt":"2022-02-02T14:39:43","guid":{"rendered":"https:\/\/alpscigar.com\/?post_type=product&#038;p=57902"},"modified":"2023-09-18T16:32:08","modified_gmt":"2023-09-18T15:32:08","slug":"alec-bradley-kintsugi-robusto-24","status":"publish","type":"product","link":"https:\/\/beta.alpscigar.com\/en\/shop\/honduran-cigars\/alec-bradley\/alec-bradley-kintsugi\/alec-bradley-kintsugi-robusto-24\/","title":{"rendered":"Alec &amp; Bradley Kintsugi Robusto (24)"},"content":{"rendered":"<p>Le Alec &amp; Bradley Kintsugi Robusto est un \u00e9l\u00e9gant cigare mi-cors\u00e9 aux multiples facettes, cr\u00e9\u00e9 par la deuxi\u00e8me g\u00e9n\u00e9ration de fabricants de cigares Alec et Bradley Rubin. <strong>Alec &amp; Bradley Kintsugi <\/strong>rend hommage \u00e0 l&rsquo;ancien art japonais qui consiste \u00e0 assembler des c\u00e9ramiques avec de la laque d&rsquo;or pour les rendre encore plus belles.<\/p>\n<p>Les cigares, tout comme la laque d&rsquo;or, sont un agent de liaison &#8211; ils rassemblent des personnes de tous horizons. Les cigares Alec &amp; Bradley Kintsugi ont \u00e9t\u00e9 cr\u00e9\u00e9s pour c\u00e9l\u00e9brer la camaraderie.<\/p>","protected":false},"excerpt":{"rendered":"<p>Box of 24 cigars.<\/p>","protected":false},"featured_media":57899,"template":"","meta":{"_acf_changed":false},"product_cat":[25251,25250,24791,21990,24721,25046],"product_tag":[],"bundled_by":[],"bundle_stock_status":"instock","bundle_stock_quantity":null,"bundle_virtual":false,"bundle_layout":"","bundle_add_to_cart_form_location":"","bundle_editable_in_cart":false,"bundle_sold_individually_context":"","bundle_item_grouping":"","bundle_min_size":"","bundle_max_size":"","bundled_items":[],"acf":[],"_links":{"self":[{"href":"https:\/\/beta.alpscigar.com\/en\/wp-json\/wp\/v2\/product\/57902"}],"collection":[{"href":"https:\/\/beta.alpscigar.com\/en\/wp-json\/wp\/v2\/product"}],"about":[{"href":"https:\/\/beta.alpscigar.com\/en\/wp-json\/wp\/v2\/types\/product"}],"wp:featuredmedia":[{"embeddable":true,"href":"https:\/\/beta.alpscigar.com\/en\/wp-json\/wp\/v2\/media\/57899"}],"wp:attachment":[{"href":"https:\/\/beta.alpscigar.com\/en\/wp-json\/wp\/v2\/media?parent=57902"}],"wp:term":[{"taxonomy":"product_cat","embeddable":true,"href":"https:\/\/beta.alpscigar.com\/en\/wp-json\/wp\/v2\/product_cat?post=57902"},{"taxonomy":"product_tag","embeddable":true,"href":"https:\/\/beta.alpscigar.com\/en\/wp-json\/wp\/v2\/product_tag?post=57902"}],"curies":[{"name":"wp","href":"https:\/\/api.w.org\/{rel}","templated":true}]}}