{"id":58216,"date":"2022-02-07T16:43:17","date_gmt":"2022-02-07T15:43:17","guid":{"rendered":"https:\/\/alpscigar.com\/shop\/uncategorized\/casa-turrent-1880-colorado-doble-robusto-10\/"},"modified":"2025-05-29T14:43:17","modified_gmt":"2025-05-29T13:43:17","slug":"casa-turrent-1880-colorado-doble-robusto-10","status":"publish","type":"product","link":"https:\/\/beta.alpscigar.com\/en\/shop\/cigares-mexicains\/casa-turrent\/casa-turrent-1880\/casa-turrent-1880-colorado-doble-robusto-10\/","title":{"rendered":"Casa Turrent 1880 Colorado Doble Robusto (10)"},"content":{"rendered":"<p>La nouvelle ligne Casa Turrent 1880 est compos\u00e9e de cigares raffin\u00e9s en \u00e9dition limit\u00e9e, un hommage aux 140 ans de tradition et d\u2019h\u00e9ritage de la famille Turrent. Ces vitoles authentiques et savoureuses sont le projet de c\u0153ur d\u2019Alejandro. Roul\u00e9es dans son format pr\u00e9f\u00e9r\u00e9 de 55 x 6.5, elles s\u00e9duisent par leur ar\u00f4me unique, qui r\u00e9sulte des tabacs stock\u00e9s : toutes les feuilles de capes ont vieilli au moins 5 ans et, pour les sous-capes et les tripes, on utilise, selon le blend, de petits lots de diff\u00e9rents tabacs, \u00e2g\u00e9s chacun de 10 \u00e0 12 ans.<\/p>\n<p>La ligne Casa Turrent 1880 n\u2019est pr\u00e9sent\u00e9e que dans un seul format, le Doble Robusto, mais fournit quatre blends et cape diff\u00e9rents : Claro, Colorado, Oscuro et Maduro.<\/p>","protected":false},"excerpt":{"rendered":"<p>Box of 10 cigars.<\/p>","protected":false},"featured_media":58214,"template":"","meta":{"_acf_changed":false},"product_cat":[25283,25284,25282,24791,24638],"product_tag":[],"bundled_by":[],"bundle_stock_status":"instock","bundle_stock_quantity":null,"bundle_virtual":false,"bundle_layout":"","bundle_add_to_cart_form_location":"","bundle_editable_in_cart":false,"bundle_sold_individually_context":"","bundle_item_grouping":"","bundle_min_size":"","bundle_max_size":"","bundled_items":[],"acf":[],"_links":{"self":[{"href":"https:\/\/beta.alpscigar.com\/en\/wp-json\/wp\/v2\/product\/58216"}],"collection":[{"href":"https:\/\/beta.alpscigar.com\/en\/wp-json\/wp\/v2\/product"}],"about":[{"href":"https:\/\/beta.alpscigar.com\/en\/wp-json\/wp\/v2\/types\/product"}],"wp:featuredmedia":[{"embeddable":true,"href":"https:\/\/beta.alpscigar.com\/en\/wp-json\/wp\/v2\/media\/58214"}],"wp:attachment":[{"href":"https:\/\/beta.alpscigar.com\/en\/wp-json\/wp\/v2\/media?parent=58216"}],"wp:term":[{"taxonomy":"product_cat","embeddable":true,"href":"https:\/\/beta.alpscigar.com\/en\/wp-json\/wp\/v2\/product_cat?post=58216"},{"taxonomy":"product_tag","embeddable":true,"href":"https:\/\/beta.alpscigar.com\/en\/wp-json\/wp\/v2\/product_tag?post=58216"}],"curies":[{"name":"wp","href":"https:\/\/api.w.org\/{rel}","templated":true}]}}