{"id":59680,"date":"2022-03-08T16:42:00","date_gmt":"2022-03-08T15:42:00","guid":{"rendered":"https:\/\/alpscigar.com\/shop\/non%20class\u00e9\/flores-y-rodriguez-10-th-anniversary-reserva-limitada-robusto-24\/"},"modified":"2023-10-26T11:41:16","modified_gmt":"2023-10-26T10:41:16","slug":"flores-y-rodriguez-10-th-anniversary-reserva-limitada-robusto-24","status":"publish","type":"product","link":"https:\/\/beta.alpscigar.com\/en\/shop\/dominican-cigars\/pdr\/flores-y-rodriguez\/flores-y-rodriguez-10-th-anniversary-reserva-limitada-robusto-24\/","title":{"rendered":"Flores Y Rodriguez 10 th Anniversary Reserva Limitada Robusto (24)"},"content":{"rendered":"<p>Le cigare Flores Y Rodriguez Reserva Limitada 10th Anniversary est un m\u00e9lange remarquable qui utilise une tripe longue Piloto Cubano de 7 ans, une sous-cape Olor et une cape Flawless Ecuador Habano. C\u2019est absolument l\u2019un de nos m\u00e9langes pr\u00e9f\u00e9r\u00e9s de PDR Cigars et c\u2019est certainement un module \u00e0 ajouter \u00e0 la cave de tout aficionado.<\/p>","protected":false},"excerpt":{"rendered":"<p>Box of 24 cigars.<\/p>","protected":false},"featured_media":59677,"template":"","meta":{"_acf_changed":false},"product_cat":[27403,27396,24791,23555],"product_tag":[],"bundled_by":[],"bundle_stock_status":"instock","bundle_stock_quantity":null,"bundle_virtual":false,"bundle_layout":"","bundle_add_to_cart_form_location":"","bundle_editable_in_cart":false,"bundle_sold_individually_context":"","bundle_item_grouping":"","bundle_min_size":"","bundle_max_size":"","bundled_items":[],"acf":[],"_links":{"self":[{"href":"https:\/\/beta.alpscigar.com\/en\/wp-json\/wp\/v2\/product\/59680"}],"collection":[{"href":"https:\/\/beta.alpscigar.com\/en\/wp-json\/wp\/v2\/product"}],"about":[{"href":"https:\/\/beta.alpscigar.com\/en\/wp-json\/wp\/v2\/types\/product"}],"wp:featuredmedia":[{"embeddable":true,"href":"https:\/\/beta.alpscigar.com\/en\/wp-json\/wp\/v2\/media\/59677"}],"wp:attachment":[{"href":"https:\/\/beta.alpscigar.com\/en\/wp-json\/wp\/v2\/media?parent=59680"}],"wp:term":[{"taxonomy":"product_cat","embeddable":true,"href":"https:\/\/beta.alpscigar.com\/en\/wp-json\/wp\/v2\/product_cat?post=59680"},{"taxonomy":"product_tag","embeddable":true,"href":"https:\/\/beta.alpscigar.com\/en\/wp-json\/wp\/v2\/product_tag?post=59680"}],"curies":[{"name":"wp","href":"https:\/\/api.w.org\/{rel}","templated":true}]}}