{"id":62710,"date":"2022-04-26T14:55:18","date_gmt":"2022-04-26T13:55:18","guid":{"rendered":"https:\/\/alpscigar.com\/?post_type=product&#038;p=62710"},"modified":"2023-12-09T15:25:49","modified_gmt":"2023-12-09T14:25:49","slug":"davidoff-mini-cigarillos-silver-5-x-20","status":"publish","type":"product","link":"https:\/\/beta.alpscigar.com\/en\/shop\/dominican-cigars\/davidoff\/davidoff-mini-cigarillos-silver-5-x-20\/","title":{"rendered":"Davidoff Mini Cigarillos Silver (5 x 20)"},"content":{"rendered":"<p>Les Davidoff Mini Cigarillos Silver sont \u00e0 chaque souffle aussi harmonieux que les Mini Cigarillos Gold originaux, mais proposent une fum\u00e9e d\u00e9lib\u00e9r\u00e9ment plus l\u00e9g\u00e8re.\u00a0La pr\u00e9dominance de c\u00e9pages plus l\u00e9gers de tabac conf\u00e8re une saveur douce, aromatique et contemporaine.<\/p>","protected":false},"excerpt":{"rendered":"<p>5 Bo\u00eetes de 20 cigares.<\/p>","protected":false},"featured_media":62708,"template":"","meta":{"_acf_changed":false},"product_cat":[29739,29764,24791,24638,21990,24719,23555,14927],"product_tag":[],"bundled_by":[],"bundle_stock_status":"instock","bundle_stock_quantity":null,"bundle_virtual":false,"bundle_layout":"","bundle_add_to_cart_form_location":"","bundle_editable_in_cart":false,"bundle_sold_individually_context":"","bundle_item_grouping":"","bundle_min_size":"","bundle_max_size":"","bundled_items":[],"acf":[],"_links":{"self":[{"href":"https:\/\/beta.alpscigar.com\/en\/wp-json\/wp\/v2\/product\/62710"}],"collection":[{"href":"https:\/\/beta.alpscigar.com\/en\/wp-json\/wp\/v2\/product"}],"about":[{"href":"https:\/\/beta.alpscigar.com\/en\/wp-json\/wp\/v2\/types\/product"}],"wp:featuredmedia":[{"embeddable":true,"href":"https:\/\/beta.alpscigar.com\/en\/wp-json\/wp\/v2\/media\/62708"}],"wp:attachment":[{"href":"https:\/\/beta.alpscigar.com\/en\/wp-json\/wp\/v2\/media?parent=62710"}],"wp:term":[{"taxonomy":"product_cat","embeddable":true,"href":"https:\/\/beta.alpscigar.com\/en\/wp-json\/wp\/v2\/product_cat?post=62710"},{"taxonomy":"product_tag","embeddable":true,"href":"https:\/\/beta.alpscigar.com\/en\/wp-json\/wp\/v2\/product_tag?post=62710"}],"curies":[{"name":"wp","href":"https:\/\/api.w.org\/{rel}","templated":true}]}}