{"id":62799,"date":"2022-04-27T10:13:59","date_gmt":"2022-04-27T09:13:59","guid":{"rendered":"https:\/\/alpscigar.com\/?post_type=product&#038;p=62799"},"modified":"2023-11-27T13:30:11","modified_gmt":"2023-11-27T12:30:11","slug":"davidoff-grand-cru-toro-25","status":"publish","type":"product","link":"https:\/\/beta.alpscigar.com\/en\/shop\/dominican-cigars\/davidoff\/davidoff-grand-cru-toro-25\/","title":{"rendered":"Davidoff Grand Cru Toro\u00a0(25)"},"content":{"rendered":"<p>La s\u00e9rie Davidoff Grand Cru offre un raffinement raffin\u00e9 \u00e0 l\u2019amateur de cigares gr\u00e2ce \u00e0 sa profondeur et \u00e0 son caract\u00e8re incomparable.\u00a0Chaque cigare est fabriqu\u00e9 avec des composants minutieusement s\u00e9lectionn\u00e9s pour offrir une stimulation de palais en couches et ravissante.\u00a0Un tabac soigneusement s\u00e9lectionn\u00e9 cr\u00e9e un m\u00e9lange bois\u00e9, de noisette et l\u00e9g\u00e8rement \u00e9pic\u00e9 qui d\u00e9gage un ar\u00f4me bois\u00e9 raffin\u00e9 qui personnifie le temps joliment rempli.<\/p>\n<p>L&rsquo;introduction du populaire format <strong>Toro dans la s\u00e9rie Grand Cru est un plaisir pour tous les passionn\u00e9s.<\/strong>\u00a0Cigare plein de saveurs complexes mais de force l\u00e9g\u00e8re \u00e0 moyenne, ce m\u00e9lange soigneusement s\u00e9lectionn\u00e9 de tabacs de l\u2019\u00c9quateur et de la R\u00e9publique dominicaine cr\u00e9e un cigare pour les \u00e2ges.<\/p>","protected":false},"excerpt":{"rendered":"<p>Box of 25 cigars.<\/p>","protected":false},"featured_media":62797,"template":"","meta":{"_acf_changed":false},"product_cat":[24791,24638,23555,14927,14935],"product_tag":[],"bundled_by":[],"bundle_stock_status":"instock","bundle_stock_quantity":null,"bundle_virtual":false,"bundle_layout":"","bundle_add_to_cart_form_location":"","bundle_editable_in_cart":false,"bundle_sold_individually_context":"","bundle_item_grouping":"","bundle_min_size":"","bundle_max_size":"","bundled_items":[],"acf":[],"_links":{"self":[{"href":"https:\/\/beta.alpscigar.com\/en\/wp-json\/wp\/v2\/product\/62799"}],"collection":[{"href":"https:\/\/beta.alpscigar.com\/en\/wp-json\/wp\/v2\/product"}],"about":[{"href":"https:\/\/beta.alpscigar.com\/en\/wp-json\/wp\/v2\/types\/product"}],"wp:featuredmedia":[{"embeddable":true,"href":"https:\/\/beta.alpscigar.com\/en\/wp-json\/wp\/v2\/media\/62797"}],"wp:attachment":[{"href":"https:\/\/beta.alpscigar.com\/en\/wp-json\/wp\/v2\/media?parent=62799"}],"wp:term":[{"taxonomy":"product_cat","embeddable":true,"href":"https:\/\/beta.alpscigar.com\/en\/wp-json\/wp\/v2\/product_cat?post=62799"},{"taxonomy":"product_tag","embeddable":true,"href":"https:\/\/beta.alpscigar.com\/en\/wp-json\/wp\/v2\/product_tag?post=62799"}],"curies":[{"name":"wp","href":"https:\/\/api.w.org\/{rel}","templated":true}]}}