{"id":62808,"date":"2022-04-27T10:38:15","date_gmt":"2022-04-27T09:38:15","guid":{"rendered":"https:\/\/alpscigar.com\/?post_type=product&#038;p=62808"},"modified":"2023-12-14T14:52:18","modified_gmt":"2023-12-14T13:52:18","slug":"davidoff-demi-tasse-50","status":"publish","type":"product","link":"https:\/\/beta.alpscigar.com\/en\/shop\/other\/davidoff-demi-tasse-50\/","title":{"rendered":"Davidoff Demi-tasse (50)"},"content":{"rendered":"<p>Le Davidoff Demi-tasse est un petit cigare \u00e9l\u00e9gant, doux et aromatique. Parfait lors de petits moments de d\u00e9tente ou lors de pauses caf\u00e9.<\/p>","protected":false},"excerpt":{"rendered":"<p>Bo\u00eete de 50 cigarillos.<\/p>","protected":false},"featured_media":0,"template":"","meta":{"_acf_changed":false},"product_cat":[627],"product_tag":[],"bundled_by":[],"bundle_stock_status":"instock","bundle_stock_quantity":null,"bundle_virtual":false,"bundle_layout":"","bundle_add_to_cart_form_location":"","bundle_editable_in_cart":false,"bundle_sold_individually_context":"","bundle_item_grouping":"","bundle_min_size":"","bundle_max_size":"","bundled_items":[],"acf":[],"_links":{"self":[{"href":"https:\/\/beta.alpscigar.com\/en\/wp-json\/wp\/v2\/product\/62808"}],"collection":[{"href":"https:\/\/beta.alpscigar.com\/en\/wp-json\/wp\/v2\/product"}],"about":[{"href":"https:\/\/beta.alpscigar.com\/en\/wp-json\/wp\/v2\/types\/product"}],"wp:attachment":[{"href":"https:\/\/beta.alpscigar.com\/en\/wp-json\/wp\/v2\/media?parent=62808"}],"wp:term":[{"taxonomy":"product_cat","embeddable":true,"href":"https:\/\/beta.alpscigar.com\/en\/wp-json\/wp\/v2\/product_cat?post=62808"},{"taxonomy":"product_tag","embeddable":true,"href":"https:\/\/beta.alpscigar.com\/en\/wp-json\/wp\/v2\/product_tag?post=62808"}],"curies":[{"name":"wp","href":"https:\/\/api.w.org\/{rel}","templated":true}]}}