{"id":63070,"date":"2022-04-27T12:53:16","date_gmt":"2022-04-27T11:53:16","guid":{"rendered":"https:\/\/alpscigar.com\/?post_type=product&#038;p=63070"},"modified":"2023-09-11T22:43:17","modified_gmt":"2023-09-11T21:43:17","slug":"davidoff-signature-toro-etui-4","status":"publish","type":"product","link":"https:\/\/beta.alpscigar.com\/en\/shop\/dominican-cigars\/davidoff\/davidoff-signature-toro-etui-4\/","title":{"rendered":"Davidoff Signature Toro Etui (4)"},"content":{"rendered":"<p>Le cigare Davidoff Signature Toro est riche avec une taille de bague de 21.25 mm (54) et offre l&rsquo;\u00e9quilibre parfait entre complexit\u00e9 et simplicit\u00e9. Il offre un go\u00fbt fort et stimulant, dont le tabac San Vicente Visus utilis\u00e9 en est responsable, il apporte des notes de ch\u00eane et de c\u00e8dre prononc\u00e9es. Un cigare d&rsquo;une complexit\u00e9 satisfaisante qui r\u00e9v\u00e8le des notes cr\u00e9meuses et sucr\u00e9es.<\/p>","protected":false},"excerpt":{"rendered":"<p>Case of 4 cigars.<\/p>","protected":false},"featured_media":63068,"template":"","meta":{"_acf_changed":false},"product_cat":[24791,24638,23555,14927,14943],"product_tag":[],"bundled_by":[],"bundle_stock_status":"instock","bundle_stock_quantity":null,"bundle_virtual":false,"bundle_layout":"","bundle_add_to_cart_form_location":"","bundle_editable_in_cart":false,"bundle_sold_individually_context":"","bundle_item_grouping":"","bundle_min_size":"","bundle_max_size":"","bundled_items":[],"acf":[],"_links":{"self":[{"href":"https:\/\/beta.alpscigar.com\/en\/wp-json\/wp\/v2\/product\/63070"}],"collection":[{"href":"https:\/\/beta.alpscigar.com\/en\/wp-json\/wp\/v2\/product"}],"about":[{"href":"https:\/\/beta.alpscigar.com\/en\/wp-json\/wp\/v2\/types\/product"}],"wp:featuredmedia":[{"embeddable":true,"href":"https:\/\/beta.alpscigar.com\/en\/wp-json\/wp\/v2\/media\/63068"}],"wp:attachment":[{"href":"https:\/\/beta.alpscigar.com\/en\/wp-json\/wp\/v2\/media?parent=63070"}],"wp:term":[{"taxonomy":"product_cat","embeddable":true,"href":"https:\/\/beta.alpscigar.com\/en\/wp-json\/wp\/v2\/product_cat?post=63070"},{"taxonomy":"product_tag","embeddable":true,"href":"https:\/\/beta.alpscigar.com\/en\/wp-json\/wp\/v2\/product_tag?post=63070"}],"curies":[{"name":"wp","href":"https:\/\/api.w.org\/{rel}","templated":true}]}}