{"id":63174,"date":"2022-04-27T13:16:22","date_gmt":"2022-04-27T12:16:22","guid":{"rendered":"https:\/\/alpscigar.com\/?post_type=product&#038;p=63174"},"modified":"2023-09-18T16:33:45","modified_gmt":"2023-09-18T15:33:45","slug":"e-p-carrillo-inch-ringmaster-no-6-24","status":"publish","type":"product","link":"https:\/\/beta.alpscigar.com\/en\/shop\/dominican-cigars\/e-p-carrillo\/dimension-series\/e-p-carrillo-inch-ringmaster\/e-p-carrillo-inch-ringmaster-no-6-24\/","title":{"rendered":"E. P. Carrillo Inch Ringmaster No. 6 (24)"},"content":{"rendered":"<p>Ernesto Perez-Carrillo, est \u00ab\u00a0l&rsquo;inventeur\u00a0\u00bb des grands cigares \u00e0 bagues et il est de retour. Il nous pr\u00e9sente la nouvelle ligne \u00e0 la l\u00e9gendaire gamme INCH : <strong>la Ringmaster.<\/strong><\/p>\n<p>Visit <strong>E. P. Carrillo Inch Ringmaster No. 6<\/strong> est un Puro nicaraguayen et \u00e0 une fum\u00e9e l\u00e9g\u00e8re \u00e0 moyenne forte. Le cigare est d\u00e9j\u00e0 pr\u00e9sent lorsqu&rsquo;il est allum\u00e9. Les ar\u00f4mes torr\u00e9fi\u00e9s ternes rappellent le chocolat noir, subtilement amer-doux accompagn\u00e9 d&rsquo;ar\u00f4mes bois\u00e9s et de noix. Un peu de poivre donne \u00e0 la fum\u00e9e une \u00e9pice l\u00e9g\u00e8re.<\/p>\n<p>\u00c0 partir du deuxi\u00e8me tiers, les ar\u00f4mes se confondent et deviennent plus harmonieux, ce qui signifie que la fum\u00e9e est per\u00e7ue comme plus douce. Un go\u00fbt complexe, cr\u00e9meux et \u00e9quilibr\u00e9 assure une exp\u00e9rience de fumage tentante.<\/p>\n<p><strong>Le cigare E. P. Carrillo Inch Ringmaster No. 6<\/strong> a une longueur de 165 mm et une dimension de bague de 64 (25.19 mm de diam\u00e8tre).<\/p>","protected":false},"excerpt":{"rendered":"<p>Box of 24 cigars.<\/p>","protected":false},"featured_media":63172,"template":"","meta":{"_acf_changed":false},"product_cat":[29773,29577,29788,24791,21990,24719,23555],"product_tag":[],"bundled_by":[],"bundle_stock_status":"instock","bundle_stock_quantity":null,"bundle_virtual":false,"bundle_layout":"","bundle_add_to_cart_form_location":"","bundle_editable_in_cart":false,"bundle_sold_individually_context":"","bundle_item_grouping":"","bundle_min_size":"","bundle_max_size":"","bundled_items":[],"acf":[],"_links":{"self":[{"href":"https:\/\/beta.alpscigar.com\/en\/wp-json\/wp\/v2\/product\/63174"}],"collection":[{"href":"https:\/\/beta.alpscigar.com\/en\/wp-json\/wp\/v2\/product"}],"about":[{"href":"https:\/\/beta.alpscigar.com\/en\/wp-json\/wp\/v2\/types\/product"}],"wp:featuredmedia":[{"embeddable":true,"href":"https:\/\/beta.alpscigar.com\/en\/wp-json\/wp\/v2\/media\/63172"}],"wp:attachment":[{"href":"https:\/\/beta.alpscigar.com\/en\/wp-json\/wp\/v2\/media?parent=63174"}],"wp:term":[{"taxonomy":"product_cat","embeddable":true,"href":"https:\/\/beta.alpscigar.com\/en\/wp-json\/wp\/v2\/product_cat?post=63174"},{"taxonomy":"product_tag","embeddable":true,"href":"https:\/\/beta.alpscigar.com\/en\/wp-json\/wp\/v2\/product_tag?post=63174"}],"curies":[{"name":"wp","href":"https:\/\/api.w.org\/{rel}","templated":true}]}}