{"id":63765,"date":"2022-04-27T16:05:04","date_gmt":"2022-04-27T15:05:04","guid":{"rendered":"https:\/\/alpscigar.com\/?post_type=product&#038;p=63765"},"modified":"2023-08-31T14:15:16","modified_gmt":"2023-08-31T13:15:16","slug":"camacho-distillery-edition-connecticut-20","status":"publish","type":"product","link":"https:\/\/beta.alpscigar.com\/en\/shop\/honduran-cigars\/camacho\/camacho-distillery-edition-connecticut-20\/","title":{"rendered":"Camacho Distillery Edition Connecticut (20)"},"content":{"rendered":"<p><strong>Le Camacho Distillery Edition Connecticut<\/strong> est l\u2019un des m\u00e9langes de base les plus vendus de Camacho et offre un profil de saveur plus profond, plus complexe et unique. Le l\u00e9gendaire Original Corojo de Camacho <strong>a vieilli dans des f\u00fbts de bourbon calcin\u00e9s pendant 6 mois.<\/strong><\/p>\n<p>Un nouveau produit qui tire parti du succ\u00e8s des offres de la s\u00e9rie Master Built tout en prenant en charge et en conduisant l\u2019essai des Core Lines de Camacho. Premi\u00e8re offre d\u2019\u00e9levage en f\u00fbt dans la gamme Core Line de Camacho.<\/p>\n<p>Propos\u00e9 dans un diam\u00e8tre de 19.68 mm et une longueur de 152.4 mm, <strong>module Toro, le format le plus vendu de Camacho.<\/strong><\/p>\n<p>Envelopp\u00e9 dans une cape dor\u00e9e du Connecticut de l\u2019\u00c9quateur, lisse et l\u00e9g\u00e8rement huileuse au toucher, le Camacho Distillery Edition Connecticut s\u2019ouvre sur des ar\u00f4mes de bois, de foin et de terre avec du bourbon \u00e9manant du pied. Le premier tiers commence par des notes de foin, de miel et de vanille avec des notes subtiles de poivre qui augmentent progressivement tout au long de l&rsquo;exp\u00e9rience de fumer. <strong>Le Corojo Original vieilli en f\u00fbt ajoute une nuance continue de douceur bois\u00e9e au cigare,<\/strong> ce qui ajoute une complexit\u00e9 unique \u00e0 cette fum\u00e9e du Connecticut parfaitement moyennement cors\u00e9e.<\/p>","protected":false},"excerpt":{"rendered":"<p>Box of 20 cigars<\/p>","protected":false},"featured_media":63762,"template":"","meta":{"_acf_changed":false},"product_cat":[24791,23555,25046,25047],"product_tag":[],"bundled_by":[],"bundle_stock_status":"outofstock","bundle_stock_quantity":0,"bundle_virtual":false,"bundle_layout":"","bundle_add_to_cart_form_location":"","bundle_editable_in_cart":false,"bundle_sold_individually_context":"","bundle_item_grouping":"","bundle_min_size":"","bundle_max_size":"","bundled_items":[],"acf":[],"_links":{"self":[{"href":"https:\/\/beta.alpscigar.com\/en\/wp-json\/wp\/v2\/product\/63765"}],"collection":[{"href":"https:\/\/beta.alpscigar.com\/en\/wp-json\/wp\/v2\/product"}],"about":[{"href":"https:\/\/beta.alpscigar.com\/en\/wp-json\/wp\/v2\/types\/product"}],"wp:featuredmedia":[{"embeddable":true,"href":"https:\/\/beta.alpscigar.com\/en\/wp-json\/wp\/v2\/media\/63762"}],"wp:attachment":[{"href":"https:\/\/beta.alpscigar.com\/en\/wp-json\/wp\/v2\/media?parent=63765"}],"wp:term":[{"taxonomy":"product_cat","embeddable":true,"href":"https:\/\/beta.alpscigar.com\/en\/wp-json\/wp\/v2\/product_cat?post=63765"},{"taxonomy":"product_tag","embeddable":true,"href":"https:\/\/beta.alpscigar.com\/en\/wp-json\/wp\/v2\/product_tag?post=63765"}],"curies":[{"name":"wp","href":"https:\/\/api.w.org\/{rel}","templated":true}]}}