{"id":63770,"date":"2022-04-27T16:08:43","date_gmt":"2022-04-27T15:08:43","guid":{"rendered":"https:\/\/alpscigar.com\/?post_type=product&#038;p=63770"},"modified":"2023-11-27T13:23:07","modified_gmt":"2023-11-27T12:23:07","slug":"camacho-liberty-2020-le-cello-20s","status":"publish","type":"product","link":"https:\/\/beta.alpscigar.com\/en\/shop\/honduran-cigars\/camacho\/camacho-liberty-2020-le-cello-20s\/","title":{"rendered":"Camacho Liberty 2020 LE cello 20&rsquo;s"},"content":{"rendered":"<p class=\"LC20lb\">Le Camacho Liberty 2020 LE cello 20&rsquo;s est un gordo press\u00e9 en bo\u00eete de 152.4 (6&Prime;) pour la longueur x 23.62 mm pour le diam\u00e8tre (60&Prime;)<\/p>\n<p>B\u00e2le \/ Suisse, juin 2020 &#8211; Maintenant forte de 18 ans, la s\u00e9rie Camacho Liberty est l&rsquo;une des versions annuelles les plus attendues pour les collectionneurs et les amateurs de cigares audacieux.<\/p>\n<p>Lanc\u00e9e avant les vacances du 4 juillet pour c\u00e9l\u00e9brer et honorer la naissance et l&rsquo;histoire des \u00c9tats-Unis, cette s\u00e9rie sp\u00e9ciale ne ressemble \u00e0 aucune autre. Le m\u00e9lange de cette ann\u00e9e est un cigare Gordo press\u00e9 en bo\u00eete qui utilise quatre amorces diff\u00e9rentes de tabac, qui proviennent d&rsquo;une seule ferme et d&rsquo;un seul mill\u00e9sime. Vieilli pendant quatre ans, ce m\u00e9lange distinct met vraiment en valeur la polyvalence et la multitude de saveurs qui peuvent \u00eatre obtenues en utilisant cet incroyable c\u00e9page. L&#8217;emballage refl\u00e8te les riches caract\u00e9ristiques du cigare et l&rsquo;h\u00e9ritage am\u00e9ricain pour lequel il c\u00e9l\u00e8bre, avec l&#8217;embl\u00e8me am\u00e9ricain du pygargue \u00e0 t\u00eate blanche qui repr\u00e9sente une longue vie et une grande force.<\/p>\n<p>\u00abPour c\u00e9l\u00e9brer notre 18e \u00e9dition qui comm\u00e9more l&rsquo;h\u00e9ritage am\u00e9ricain, nous avons recherch\u00e9 des tabacs uniques pour cr\u00e9er un m\u00e9lange sp\u00e9cial qui met en valeur la polyvalence que la marque Camacho a \u00e0 offrir. Compos\u00e9 de tabac Corojo originaire du Honduras et de tabacs de la R\u00e9publique dominicaine, ce m\u00e9lange offre une exp\u00e9rience de fumer complexe et m\u00e9morable qui, selon nous, honore le mieux cette s\u00e9rie remarquable \u00bb, a d\u00e9clar\u00e9 Edward Simon, directeur du marketing d&rsquo;Oettinger Davidoff AG.<\/p>\n<p>La s\u00e9rie Camacho Liberty 2020 offre une exp\u00e9rience de fumage audacieuse, complexe et douce qui excitera tous les amateurs de cigares patriotiques. S&rsquo;ouvrant sur des notes de bois doux, de c\u00e8dre, de noix, le cigare \u00e9volue en complexit\u00e9 et en saveur avec des notes de cannelle et de douceur suppl\u00e9mentaires. Une excellente exp\u00e9rience de fumage mi-cors\u00e9 \u00e0 cors\u00e9 qui vous donnera envie de plus.<\/p>\n<p>Edition Limit\u00e9e \u00e0 4&rsquo;185 bo\u00eetes pour le monde et <strong>seulement 250 bo\u00eetes pour la Suisse.<\/strong><\/p>","protected":false},"excerpt":{"rendered":"<p>Box of 20 cigars.<\/p>","protected":false},"featured_media":63766,"template":"","meta":{"_acf_changed":false},"product_cat":[24791,24638,21990,24719,25046,25047],"product_tag":[],"bundled_by":[],"bundle_stock_status":"instock","bundle_stock_quantity":6,"bundle_virtual":false,"bundle_layout":"","bundle_add_to_cart_form_location":"","bundle_editable_in_cart":false,"bundle_sold_individually_context":"","bundle_item_grouping":"","bundle_min_size":"","bundle_max_size":"","bundled_items":[],"acf":[],"_links":{"self":[{"href":"https:\/\/beta.alpscigar.com\/en\/wp-json\/wp\/v2\/product\/63770"}],"collection":[{"href":"https:\/\/beta.alpscigar.com\/en\/wp-json\/wp\/v2\/product"}],"about":[{"href":"https:\/\/beta.alpscigar.com\/en\/wp-json\/wp\/v2\/types\/product"}],"wp:featuredmedia":[{"embeddable":true,"href":"https:\/\/beta.alpscigar.com\/en\/wp-json\/wp\/v2\/media\/63766"}],"wp:attachment":[{"href":"https:\/\/beta.alpscigar.com\/en\/wp-json\/wp\/v2\/media?parent=63770"}],"wp:term":[{"taxonomy":"product_cat","embeddable":true,"href":"https:\/\/beta.alpscigar.com\/en\/wp-json\/wp\/v2\/product_cat?post=63770"},{"taxonomy":"product_tag","embeddable":true,"href":"https:\/\/beta.alpscigar.com\/en\/wp-json\/wp\/v2\/product_tag?post=63770"}],"curies":[{"name":"wp","href":"https:\/\/api.w.org\/{rel}","templated":true}]}}