{"id":63786,"date":"2022-04-27T16:17:01","date_gmt":"2022-04-27T15:17:01","guid":{"rendered":"https:\/\/alpscigar.com\/?post_type=product&#038;p=63786"},"modified":"2023-11-27T13:22:49","modified_gmt":"2023-11-27T12:22:49","slug":"camacho-corojo-robusto-tubos-20","status":"publish","type":"product","link":"https:\/\/beta.alpscigar.com\/en\/shop\/honduran-cigars\/camacho\/camacho-corojo\/camacho-corojo-robusto-tubos-20\/","title":{"rendered":"Camacho Corojo Robusto Tubos (20)"},"content":{"rendered":"<p>Le tabac Corojo est originairement utilis\u00e9 \u00e0 Cuba pour produire des feuilles de cape. Export\u00e9es au Honduras depuis de nombreuses ann\u00e9es, ce tabac compose aujourd&rsquo;hui la tripe des nouveaux cigares Camacho. Le Camacho Corojo Robusto Tubos de la gamme offre \u00e0 cru des notes relativement poivr\u00e9es. Cette sensation de puissance se confirme au fumage. Dot\u00e9e d&rsquo;une personnalit\u00e9 bien charpent\u00e9e, cette vitole offre beaucoup de puissance en bouche. Sur le deuxi\u00e8me tiers, quelques touches de fruits \u00e0 coque prennent place dans une fum\u00e9e ample et g\u00e9n\u00e9reuse. Le final puissant est fortement rassasiant, fort et \u00e9pic\u00e9.<\/p>","protected":false},"excerpt":{"rendered":"<p>Box of 20 cigars in tube.<\/p>","protected":false},"featured_media":63784,"template":"","meta":{"_acf_changed":false},"product_cat":[29715,24791,24638,21990,24721,25046,25047],"product_tag":[],"bundled_by":[],"bundle_stock_status":"instock","bundle_stock_quantity":null,"bundle_virtual":false,"bundle_layout":"","bundle_add_to_cart_form_location":"","bundle_editable_in_cart":false,"bundle_sold_individually_context":"","bundle_item_grouping":"","bundle_min_size":"","bundle_max_size":"","bundled_items":[],"acf":[],"_links":{"self":[{"href":"https:\/\/beta.alpscigar.com\/en\/wp-json\/wp\/v2\/product\/63786"}],"collection":[{"href":"https:\/\/beta.alpscigar.com\/en\/wp-json\/wp\/v2\/product"}],"about":[{"href":"https:\/\/beta.alpscigar.com\/en\/wp-json\/wp\/v2\/types\/product"}],"wp:featuredmedia":[{"embeddable":true,"href":"https:\/\/beta.alpscigar.com\/en\/wp-json\/wp\/v2\/media\/63784"}],"wp:attachment":[{"href":"https:\/\/beta.alpscigar.com\/en\/wp-json\/wp\/v2\/media?parent=63786"}],"wp:term":[{"taxonomy":"product_cat","embeddable":true,"href":"https:\/\/beta.alpscigar.com\/en\/wp-json\/wp\/v2\/product_cat?post=63786"},{"taxonomy":"product_tag","embeddable":true,"href":"https:\/\/beta.alpscigar.com\/en\/wp-json\/wp\/v2\/product_tag?post=63786"}],"curies":[{"name":"wp","href":"https:\/\/api.w.org\/{rel}","templated":true}]}}