{"id":63794,"date":"2022-04-27T16:17:44","date_gmt":"2022-04-27T15:17:44","guid":{"rendered":"https:\/\/alpscigar.com\/?post_type=product&#038;p=63794"},"modified":"2023-11-27T13:30:09","modified_gmt":"2023-11-27T12:30:09","slug":"camacho-corojo-toro-etui-4","status":"publish","type":"product","link":"https:\/\/beta.alpscigar.com\/en\/shop\/honduran-cigars\/camacho\/camacho-corojo\/camacho-corojo-toro-etui-4\/","title":{"rendered":"Camacho Corojo Toro Etui (4)"},"content":{"rendered":"<p>Produit avec les m\u00eames plans de tabac que le Robusto, le Camacho Corojo Toro Etui reprend avec beaucoup de rigueur la construction de son petit fr\u00e8re. Puissantes et charpent\u00e9es, les premi\u00e8res bouff\u00e9es sont pleines de personnalit\u00e9. Le poivre noir domine la d\u00e9gustation, quelques notes d&rsquo;\u00e9pices, de muscade s&rsquo;installent lors du deuxi\u00e8me tiers. Une bonne vitole pour les amoureux de cigares de caract\u00e8re.<\/p>","protected":false},"excerpt":{"rendered":"<p><span><span>Case of 4 cigars.<\/span><\/span><\/p>","protected":false},"featured_media":63792,"template":"","meta":{"_acf_changed":false},"product_cat":[29715,24791,25046,25047],"product_tag":[],"bundled_by":[],"bundle_stock_status":"instock","bundle_stock_quantity":null,"bundle_virtual":false,"bundle_layout":"","bundle_add_to_cart_form_location":"","bundle_editable_in_cart":false,"bundle_sold_individually_context":"","bundle_item_grouping":"","bundle_min_size":"","bundle_max_size":"","bundled_items":[],"acf":[],"_links":{"self":[{"href":"https:\/\/beta.alpscigar.com\/en\/wp-json\/wp\/v2\/product\/63794"}],"collection":[{"href":"https:\/\/beta.alpscigar.com\/en\/wp-json\/wp\/v2\/product"}],"about":[{"href":"https:\/\/beta.alpscigar.com\/en\/wp-json\/wp\/v2\/types\/product"}],"wp:featuredmedia":[{"embeddable":true,"href":"https:\/\/beta.alpscigar.com\/en\/wp-json\/wp\/v2\/media\/63792"}],"wp:attachment":[{"href":"https:\/\/beta.alpscigar.com\/en\/wp-json\/wp\/v2\/media?parent=63794"}],"wp:term":[{"taxonomy":"product_cat","embeddable":true,"href":"https:\/\/beta.alpscigar.com\/en\/wp-json\/wp\/v2\/product_cat?post=63794"},{"taxonomy":"product_tag","embeddable":true,"href":"https:\/\/beta.alpscigar.com\/en\/wp-json\/wp\/v2\/product_tag?post=63794"}],"curies":[{"name":"wp","href":"https:\/\/api.w.org\/{rel}","templated":true}]}}