{"id":63796,"date":"2022-04-27T16:17:55","date_gmt":"2022-04-27T15:17:55","guid":{"rendered":"https:\/\/alpscigar.com\/?post_type=product&#038;p=63796"},"modified":"2023-11-27T13:22:44","modified_gmt":"2023-11-27T12:22:44","slug":"camacho-corojo-gordo-20","status":"publish","type":"product","link":"https:\/\/beta.alpscigar.com\/en\/shop\/honduran-cigars\/camacho\/camacho-corojo\/camacho-corojo-gordo-20\/","title":{"rendered":"Camacho Corojo Gordo (20)"},"content":{"rendered":"<p>Le \u201cOriginal Bold Smoke\u201d Camacho Corojo Gordo est un tr\u00e9sor de tous les jours qui a \u00e9t\u00e9 con\u00e7u avec de vrais aficionados \u00e0 l\u2019esprit. En utilisant la renomm\u00e9e cinqui\u00e8me cigares Camacho \u00e0 feuilles d\u2019emballage Corojo, ce sp\u00e9cimen fin vise \u00e0 plaire et r\u00e9ussit facilement. Sous les couvertures, un classeur Corojo Ligero original et trois appr\u00eats de charges Corojo compl\u00e8tent ce m\u00e9lange audacieux. Ce classique mi-cors\u00e9 \u00e0 doux, \u00e9pic\u00e9 et sucr\u00e9 est tout ce dont vous avez besoin et plus encore.<\/p>","protected":false},"excerpt":{"rendered":"<p>Box of 20 cigars.<\/p>","protected":false},"featured_media":63795,"template":"","meta":{"_acf_changed":false},"product_cat":[29715,24791,24638,21990,24721,25046,25047],"product_tag":[],"bundled_by":["94564"],"bundle_stock_status":"instock","bundle_stock_quantity":null,"bundle_virtual":false,"bundle_layout":"","bundle_add_to_cart_form_location":"","bundle_editable_in_cart":false,"bundle_sold_individually_context":"","bundle_item_grouping":"","bundle_min_size":"","bundle_max_size":"","bundled_items":[],"acf":[],"_links":{"self":[{"href":"https:\/\/beta.alpscigar.com\/en\/wp-json\/wp\/v2\/product\/63796"}],"collection":[{"href":"https:\/\/beta.alpscigar.com\/en\/wp-json\/wp\/v2\/product"}],"about":[{"href":"https:\/\/beta.alpscigar.com\/en\/wp-json\/wp\/v2\/types\/product"}],"wp:featuredmedia":[{"embeddable":true,"href":"https:\/\/beta.alpscigar.com\/en\/wp-json\/wp\/v2\/media\/63795"}],"wp:attachment":[{"href":"https:\/\/beta.alpscigar.com\/en\/wp-json\/wp\/v2\/media?parent=63796"}],"wp:term":[{"taxonomy":"product_cat","embeddable":true,"href":"https:\/\/beta.alpscigar.com\/en\/wp-json\/wp\/v2\/product_cat?post=63796"},{"taxonomy":"product_tag","embeddable":true,"href":"https:\/\/beta.alpscigar.com\/en\/wp-json\/wp\/v2\/product_tag?post=63796"}],"curies":[{"name":"wp","href":"https:\/\/api.w.org\/{rel}","templated":true}]}}