{"id":63799,"date":"2022-04-27T16:20:43","date_gmt":"2022-04-27T15:20:43","guid":{"rendered":"https:\/\/alpscigar.com\/?post_type=product&#038;p=63799"},"modified":"2023-11-27T13:22:35","modified_gmt":"2023-11-27T12:22:35","slug":"camacho-connecticut-robusto-20","status":"publish","type":"product","link":"https:\/\/beta.alpscigar.com\/en\/shop\/honduran-cigars\/camacho\/camacho-connecticut\/camacho-connecticut-robusto-20\/","title":{"rendered":"Camacho Connecticut Robusto (20)"},"content":{"rendered":"<p>Ce beau Camacho Connecticut Robusto bien rempli est recouvert d&rsquo;une cape Claro. La grande bague s&rsquo;\u00e9tend sur une grande partie de la longueur. A cru, des ar\u00f4mes de c\u00e8dre caressent le nez avec d\u00e9licatesse. Le fumage est agr\u00e9able, aid\u00e9 par un tirage ais\u00e9. Les premi\u00e8re notes, plus cr\u00e9meuses, laissent place \u00e0 plus d&rsquo;assise sur le deuxi\u00e8me et troisi\u00e8me tiers. Un cigare agr\u00e9able dont la palette aromatique enchante le palais.<\/p>","protected":false},"excerpt":{"rendered":"<p>Box of 20 cigars.<\/p>","protected":false},"featured_media":63797,"template":"","meta":{"_acf_changed":false},"product_cat":[29714,24791,21990,24721,25046,25047],"product_tag":[],"bundled_by":[],"bundle_stock_status":"instock","bundle_stock_quantity":null,"bundle_virtual":false,"bundle_layout":"","bundle_add_to_cart_form_location":"","bundle_editable_in_cart":false,"bundle_sold_individually_context":"","bundle_item_grouping":"","bundle_min_size":"","bundle_max_size":"","bundled_items":[],"acf":[],"_links":{"self":[{"href":"https:\/\/beta.alpscigar.com\/en\/wp-json\/wp\/v2\/product\/63799"}],"collection":[{"href":"https:\/\/beta.alpscigar.com\/en\/wp-json\/wp\/v2\/product"}],"about":[{"href":"https:\/\/beta.alpscigar.com\/en\/wp-json\/wp\/v2\/types\/product"}],"wp:featuredmedia":[{"embeddable":true,"href":"https:\/\/beta.alpscigar.com\/en\/wp-json\/wp\/v2\/media\/63797"}],"wp:attachment":[{"href":"https:\/\/beta.alpscigar.com\/en\/wp-json\/wp\/v2\/media?parent=63799"}],"wp:term":[{"taxonomy":"product_cat","embeddable":true,"href":"https:\/\/beta.alpscigar.com\/en\/wp-json\/wp\/v2\/product_cat?post=63799"},{"taxonomy":"product_tag","embeddable":true,"href":"https:\/\/beta.alpscigar.com\/en\/wp-json\/wp\/v2\/product_tag?post=63799"}],"curies":[{"name":"wp","href":"https:\/\/api.w.org\/{rel}","templated":true}]}}