{"id":63802,"date":"2022-04-27T16:21:00","date_gmt":"2022-04-27T15:21:00","guid":{"rendered":"https:\/\/alpscigar.com\/?post_type=product&#038;p=63802"},"modified":"2023-08-31T14:35:50","modified_gmt":"2023-08-31T13:35:50","slug":"camacho-connecticut-robusto-etui-4","status":"publish","type":"product","link":"https:\/\/beta.alpscigar.com\/en\/shop\/honduran-cigars\/camacho\/camacho-connecticut\/camacho-connecticut-robusto-etui-4\/","title":{"rendered":"Camacho Connecticut Robusto Etui (4)"},"content":{"rendered":"<p>Ce beau Camacho Connecticut Robusto Etui bien rempli est recouvert d\u2019une cape Claro. La grande bague s\u2019\u00e9tend sur une grande partie de la longueur. A cru, des ar\u00f4mes de c\u00e8dre caressent le nez avec d\u00e9licatesse. Le fumage est agr\u00e9able, aid\u00e9 par un tirage ais\u00e9. Les premi\u00e8re notes, plus cr\u00e9meuses, laissent place \u00e0 plus d\u2019assise sur le deuxi\u00e8me et troisi\u00e8me tiers. Un cigare agr\u00e9able dont la palette aromatique enchante le palais.<\/p>","protected":false},"excerpt":{"rendered":"<p>Case of 4 cigars.<\/p>","protected":false},"featured_media":63800,"template":"","meta":{"_acf_changed":false},"product_cat":[29714,24791,25046,25047],"product_tag":[],"bundled_by":[],"bundle_stock_status":"instock","bundle_stock_quantity":null,"bundle_virtual":false,"bundle_layout":"","bundle_add_to_cart_form_location":"","bundle_editable_in_cart":false,"bundle_sold_individually_context":"","bundle_item_grouping":"","bundle_min_size":"","bundle_max_size":"","bundled_items":[],"acf":[],"_links":{"self":[{"href":"https:\/\/beta.alpscigar.com\/en\/wp-json\/wp\/v2\/product\/63802"}],"collection":[{"href":"https:\/\/beta.alpscigar.com\/en\/wp-json\/wp\/v2\/product"}],"about":[{"href":"https:\/\/beta.alpscigar.com\/en\/wp-json\/wp\/v2\/types\/product"}],"wp:featuredmedia":[{"embeddable":true,"href":"https:\/\/beta.alpscigar.com\/en\/wp-json\/wp\/v2\/media\/63800"}],"wp:attachment":[{"href":"https:\/\/beta.alpscigar.com\/en\/wp-json\/wp\/v2\/media?parent=63802"}],"wp:term":[{"taxonomy":"product_cat","embeddable":true,"href":"https:\/\/beta.alpscigar.com\/en\/wp-json\/wp\/v2\/product_cat?post=63802"},{"taxonomy":"product_tag","embeddable":true,"href":"https:\/\/beta.alpscigar.com\/en\/wp-json\/wp\/v2\/product_tag?post=63802"}],"curies":[{"name":"wp","href":"https:\/\/api.w.org\/{rel}","templated":true}]}}