{"id":63808,"date":"2022-04-27T16:21:31","date_gmt":"2022-04-27T15:21:31","guid":{"rendered":"https:\/\/alpscigar.com\/?post_type=product&#038;p=63808"},"modified":"2023-09-30T12:38:04","modified_gmt":"2023-09-30T11:38:04","slug":"camacho-connecticut-toro-etui-4","status":"publish","type":"product","link":"https:\/\/beta.alpscigar.com\/en\/shop\/honduran-cigars\/camacho\/camacho-connecticut\/camacho-connecticut-toro-etui-4\/","title":{"rendered":"Camacho Connecticut Toro Etui (4)"},"content":{"rendered":"<p>Le Camacho Connecticut Toro aux allures de long Robusto est recouvert d\u2019une cape claro. Comme le reste de la gamme Connecticut, le tabac de sa tripe trouve ses origines au Honduras et \u00e0 Saint-Saint-Domingue. La sous-cape provient du Honduras, quant \u00e0 la cape Connecticut, elle est originaire d\u2019Equateur. Cette vitole est relativement l\u00e9g\u00e8re \u00e0 cru, le fumage rappelle les notes aromatiques de la gamme Camacho mais conserve une relative douceur en bouche.<\/p>","protected":false},"excerpt":{"rendered":"<p>Case of 4 cigars.<\/p>","protected":false},"featured_media":63805,"template":"","meta":{"_acf_changed":false},"product_cat":[29714,24791,25046,25047],"product_tag":[],"bundled_by":[],"bundle_stock_status":"instock","bundle_stock_quantity":null,"bundle_virtual":false,"bundle_layout":"","bundle_add_to_cart_form_location":"","bundle_editable_in_cart":false,"bundle_sold_individually_context":"","bundle_item_grouping":"","bundle_min_size":"","bundle_max_size":"","bundled_items":[],"acf":[],"_links":{"self":[{"href":"https:\/\/beta.alpscigar.com\/en\/wp-json\/wp\/v2\/product\/63808"}],"collection":[{"href":"https:\/\/beta.alpscigar.com\/en\/wp-json\/wp\/v2\/product"}],"about":[{"href":"https:\/\/beta.alpscigar.com\/en\/wp-json\/wp\/v2\/types\/product"}],"wp:featuredmedia":[{"embeddable":true,"href":"https:\/\/beta.alpscigar.com\/en\/wp-json\/wp\/v2\/media\/63805"}],"wp:attachment":[{"href":"https:\/\/beta.alpscigar.com\/en\/wp-json\/wp\/v2\/media?parent=63808"}],"wp:term":[{"taxonomy":"product_cat","embeddable":true,"href":"https:\/\/beta.alpscigar.com\/en\/wp-json\/wp\/v2\/product_cat?post=63808"},{"taxonomy":"product_tag","embeddable":true,"href":"https:\/\/beta.alpscigar.com\/en\/wp-json\/wp\/v2\/product_tag?post=63808"}],"curies":[{"name":"wp","href":"https:\/\/api.w.org\/{rel}","templated":true}]}}