{"id":63818,"date":"2022-04-27T16:25:47","date_gmt":"2022-04-27T15:25:47","guid":{"rendered":"https:\/\/alpscigar.com\/?post_type=product&#038;p=63818"},"modified":"2023-08-31T14:37:42","modified_gmt":"2023-08-31T13:37:42","slug":"camacho-liberty-2021-limited-edition-20","status":"publish","type":"product","link":"https:\/\/beta.alpscigar.com\/en\/shop\/honduran-cigars\/camacho\/camacho-liberty-2021-limited-edition-20\/","title":{"rendered":"Camacho Liberty 2021 Limited Edition (20)"},"content":{"rendered":"<h4>HISTOIRE<\/h4>\n<p>Cette ann\u00e9e marque les 19 ans de Camacho Liberty, une s\u00e9rie qui est l&rsquo;une des sorties annuelles les plus attendues par les collectionneurs et les aficionados de cigares audacieux. Lanc\u00e9e avant les vacances du 4 juillet pour c\u00e9l\u00e9brer et honorer la naissance et l&rsquo;histoire des \u00c9tats-Unis, cette s\u00e9rie sp\u00e9ciale ne ressemble \u00e0 aucune autre.<\/p>\n<h4>EXP\u00c9RIENCE GUSTATIVE<\/h4>\n<p>Le m\u00e9lange de cette s\u00e9rie a \u00e9t\u00e9 construit avec des tabacs de diverses r\u00e9gions et mill\u00e9simes, ce qui en fait un cigare \u00e0 tomber par terre pour Camacho. <strong>Le m\u00e9lange du cigare Camacho Liberty 2021 Limited Edition<\/strong> capture la force et le caract\u00e8re de quatre r\u00e9gions distinctes. Nos m\u00e9langeurs ont exploit\u00e9 ces qualit\u00e9s audacieuses dans le format classique du Churchill. Il est intr\u00e9pide et explosif, mais aussi \u00e9quilibr\u00e9 dans sa profondeur. Gorg\u00e9 de poivre et d&rsquo;\u00e9pices, ce m\u00e9lange correspond \u00e0 l&rsquo;\u00e9nergie et \u00e0 l&rsquo;intensit\u00e9 des c\u00e9l\u00e9brations patriotiques du Jour de l&rsquo;Ind\u00e9pendance.<\/p>\n<h4>\u00c9DITION LIMIT\u00c9E<\/h4>\n<p>Cette superbe pi\u00e8ce de collection est limit\u00e9e \u00e0 2 550 bo\u00eetes dans le monde et <strong>seulement 250 bo\u00eetes pour la Suisse.<\/strong><\/p>","protected":false},"excerpt":{"rendered":"<p>Box of 20 cigars.<\/p>","protected":false},"featured_media":63814,"template":"","meta":{"_acf_changed":false},"product_cat":[24791,25046,25047],"product_tag":[],"bundled_by":[],"bundle_stock_status":"outofstock","bundle_stock_quantity":0,"bundle_virtual":false,"bundle_layout":"","bundle_add_to_cart_form_location":"","bundle_editable_in_cart":false,"bundle_sold_individually_context":"","bundle_item_grouping":"","bundle_min_size":"","bundle_max_size":"","bundled_items":[],"acf":[],"_links":{"self":[{"href":"https:\/\/beta.alpscigar.com\/en\/wp-json\/wp\/v2\/product\/63818"}],"collection":[{"href":"https:\/\/beta.alpscigar.com\/en\/wp-json\/wp\/v2\/product"}],"about":[{"href":"https:\/\/beta.alpscigar.com\/en\/wp-json\/wp\/v2\/types\/product"}],"wp:featuredmedia":[{"embeddable":true,"href":"https:\/\/beta.alpscigar.com\/en\/wp-json\/wp\/v2\/media\/63814"}],"wp:attachment":[{"href":"https:\/\/beta.alpscigar.com\/en\/wp-json\/wp\/v2\/media?parent=63818"}],"wp:term":[{"taxonomy":"product_cat","embeddable":true,"href":"https:\/\/beta.alpscigar.com\/en\/wp-json\/wp\/v2\/product_cat?post=63818"},{"taxonomy":"product_tag","embeddable":true,"href":"https:\/\/beta.alpscigar.com\/en\/wp-json\/wp\/v2\/product_tag?post=63818"}],"curies":[{"name":"wp","href":"https:\/\/api.w.org\/{rel}","templated":true}]}}