{"id":63830,"date":"2022-04-27T16:26:55","date_gmt":"2022-04-27T15:26:55","guid":{"rendered":"https:\/\/alpscigar.com\/?post_type=product&#038;p=63830"},"modified":"2023-11-27T13:23:10","modified_gmt":"2023-11-27T12:23:10","slug":"camacho-nicaragua-gran-churchill-20","status":"publish","type":"product","link":"https:\/\/beta.alpscigar.com\/en\/shop\/honduran-cigars\/camacho\/camacho-nicaragua\/camacho-nicaragua-gran-churchill-20\/","title":{"rendered":"Camacho Nicaragua Gran Churchill (20)"},"content":{"rendered":"<p><strong>Les cigares Camacho Nicaragua Gran Churchill<\/strong> sont forg\u00e9s dans le feu du Nicaragua. Fabriqu\u00e9s avec un savoir-faire sans compromis, nos m\u00e9langeurs utilisent les saveurs \u00e9crasantes et uniques du Nicaragua pour cr\u00e9er un m\u00e9lange extr\u00eamement complexe avec une exp\u00e9rience gustative incomparable.\u00a0Certaines choses ne peuvent pas \u00eatre apprivois\u00e9es.\u00a0Ces cigares en font certainement partie.\u00a0Le contr\u00f4le du volume \u00e0 l&rsquo;arr\u00eat et la p\u00e9dale d&rsquo;acc\u00e9l\u00e9rateur pied au plancher ont \u00e9t\u00e9 l&rsquo;inspiration pour regrouper les saveurs sucr\u00e9es et de ch\u00eane du sol volcanique dans ces blocs d&rsquo;alimentation et faire battre plus vite le c\u0153ur des connaisseurs de Camacho.<\/p>","protected":false},"excerpt":{"rendered":"<p>Box of 20 cigars.<\/p>","protected":false},"featured_media":63827,"template":"","meta":{"_acf_changed":false},"product_cat":[29717,24791,25046,25047],"product_tag":[],"bundled_by":[],"bundle_stock_status":"outofstock","bundle_stock_quantity":0,"bundle_virtual":false,"bundle_layout":"","bundle_add_to_cart_form_location":"","bundle_editable_in_cart":false,"bundle_sold_individually_context":"","bundle_item_grouping":"","bundle_min_size":"","bundle_max_size":"","bundled_items":[],"acf":[],"_links":{"self":[{"href":"https:\/\/beta.alpscigar.com\/en\/wp-json\/wp\/v2\/product\/63830"}],"collection":[{"href":"https:\/\/beta.alpscigar.com\/en\/wp-json\/wp\/v2\/product"}],"about":[{"href":"https:\/\/beta.alpscigar.com\/en\/wp-json\/wp\/v2\/types\/product"}],"wp:featuredmedia":[{"embeddable":true,"href":"https:\/\/beta.alpscigar.com\/en\/wp-json\/wp\/v2\/media\/63827"}],"wp:attachment":[{"href":"https:\/\/beta.alpscigar.com\/en\/wp-json\/wp\/v2\/media?parent=63830"}],"wp:term":[{"taxonomy":"product_cat","embeddable":true,"href":"https:\/\/beta.alpscigar.com\/en\/wp-json\/wp\/v2\/product_cat?post=63830"},{"taxonomy":"product_tag","embeddable":true,"href":"https:\/\/beta.alpscigar.com\/en\/wp-json\/wp\/v2\/product_tag?post=63830"}],"curies":[{"name":"wp","href":"https:\/\/api.w.org\/{rel}","templated":true}]}}