{"id":63893,"date":"2022-04-28T07:27:45","date_gmt":"2022-04-28T06:27:45","guid":{"rendered":"https:\/\/alpscigar.com\/?post_type=product&#038;p=63893"},"modified":"2023-08-31T14:35:23","modified_gmt":"2023-08-31T13:35:23","slug":"gurkha-ghost-shadow-21","status":"publish","type":"product","link":"https:\/\/beta.alpscigar.com\/en\/shop\/dominican-cigars\/gurkha\/gurkha-ghost\/gurkha-ghost-shadow-21\/","title":{"rendered":"Gurkha Ghost Shadow (21)"},"content":{"rendered":"<p><strong>Le cigare Gurkha Ghost Shadow est un cigare \u00e9l\u00e9gant et s\u00e9duisant qui devrait faire son apparition dans la cave de tout aficionado.<\/strong> Le m\u00e9lange Ghost pr\u00e9sente une cape br\u00e9silienne sombre, Arapiraca Maduro, compl\u00e9t\u00e9e par une sous-cape Criollo 1998 et des tripes soigneusement s\u00e9lectionn\u00e9es, de la R\u00e9publique Dominicaine et du Nicaragua. Ghost est un cigare riche et moyennement cors\u00e9 avec un profil d\u2019ar\u00f4me multicouche offrant des nuances douces et terreuses avec des ar\u00f4mes persistants de cacao et de cannelle.<\/p>","protected":false},"excerpt":{"rendered":"<p>Bo\u00eete de 21 cigares.<\/p>","protected":false},"featured_media":63891,"template":"","meta":{"_acf_changed":false},"product_cat":[29844,29849,24791,24638,23555],"product_tag":[],"bundled_by":[],"bundle_stock_status":"instock","bundle_stock_quantity":null,"bundle_virtual":false,"bundle_layout":"","bundle_add_to_cart_form_location":"","bundle_editable_in_cart":false,"bundle_sold_individually_context":"","bundle_item_grouping":"","bundle_min_size":"","bundle_max_size":"","bundled_items":[],"acf":[],"_links":{"self":[{"href":"https:\/\/beta.alpscigar.com\/en\/wp-json\/wp\/v2\/product\/63893"}],"collection":[{"href":"https:\/\/beta.alpscigar.com\/en\/wp-json\/wp\/v2\/product"}],"about":[{"href":"https:\/\/beta.alpscigar.com\/en\/wp-json\/wp\/v2\/types\/product"}],"wp:featuredmedia":[{"embeddable":true,"href":"https:\/\/beta.alpscigar.com\/en\/wp-json\/wp\/v2\/media\/63891"}],"wp:attachment":[{"href":"https:\/\/beta.alpscigar.com\/en\/wp-json\/wp\/v2\/media?parent=63893"}],"wp:term":[{"taxonomy":"product_cat","embeddable":true,"href":"https:\/\/beta.alpscigar.com\/en\/wp-json\/wp\/v2\/product_cat?post=63893"},{"taxonomy":"product_tag","embeddable":true,"href":"https:\/\/beta.alpscigar.com\/en\/wp-json\/wp\/v2\/product_tag?post=63893"}],"curies":[{"name":"wp","href":"https:\/\/api.w.org\/{rel}","templated":true}]}}