{"id":63971,"date":"2022-04-28T07:53:15","date_gmt":"2022-04-28T06:53:15","guid":{"rendered":"https:\/\/alpscigar.com\/?post_type=product&#038;p=63971"},"modified":"2023-08-31T14:33:35","modified_gmt":"2023-08-31T13:33:35","slug":"caldwell-blind-mans-bluff-toro-20","status":"publish","type":"product","link":"https:\/\/beta.alpscigar.com\/en\/shop\/dominican-cigars\/caldwell\/caldwell-linea-blind-mans-bluff\/caldwell-blind-mans-bluff-toro-20\/","title":{"rendered":"Caldwell Blind Mans Bluff Toro (20)"},"content":{"rendered":"<p>Le cigare Caldwell Blind Mans Bluff Toro est un cigare de boutique classique con\u00e7u par Robert Caldwell. Il a parcouru le monde pour trouver du tabac sp\u00e9cial pour ses cigares uniques. L&rsquo;apparence du cigare promet \u00e0 elle seule un plaisir de fumer particulier. La cape Habano d&rsquo;Equateur repose sur une sous-cape Criollo du Honduras et contient une tripe de la R\u00e9publique dominicaine et du Honduras.<\/p>\n<p>Une note cr\u00e9meuse de pain et d&rsquo;assaisonnement doux se m\u00eale \u00e0 de l\u00e9g\u00e8res notes de bois de c\u00e8dre.\u00a0Au fur et \u00e0 mesure que la fum\u00e9e progresse, le go\u00fbt terreux et bois\u00e9 devient plus intense sans que le cigare ne devienne vraiment plus fort.<\/p>","protected":false},"excerpt":{"rendered":"<p>Box of 20 cigars.<\/p>","protected":false},"featured_media":63969,"template":"","meta":{"_acf_changed":false},"product_cat":[29705,24791,23555,24708],"product_tag":[],"bundled_by":[],"bundle_stock_status":"instock","bundle_stock_quantity":null,"bundle_virtual":false,"bundle_layout":"","bundle_add_to_cart_form_location":"","bundle_editable_in_cart":false,"bundle_sold_individually_context":"","bundle_item_grouping":"","bundle_min_size":"","bundle_max_size":"","bundled_items":[],"acf":[],"_links":{"self":[{"href":"https:\/\/beta.alpscigar.com\/en\/wp-json\/wp\/v2\/product\/63971"}],"collection":[{"href":"https:\/\/beta.alpscigar.com\/en\/wp-json\/wp\/v2\/product"}],"about":[{"href":"https:\/\/beta.alpscigar.com\/en\/wp-json\/wp\/v2\/types\/product"}],"wp:featuredmedia":[{"embeddable":true,"href":"https:\/\/beta.alpscigar.com\/en\/wp-json\/wp\/v2\/media\/63969"}],"wp:attachment":[{"href":"https:\/\/beta.alpscigar.com\/en\/wp-json\/wp\/v2\/media?parent=63971"}],"wp:term":[{"taxonomy":"product_cat","embeddable":true,"href":"https:\/\/beta.alpscigar.com\/en\/wp-json\/wp\/v2\/product_cat?post=63971"},{"taxonomy":"product_tag","embeddable":true,"href":"https:\/\/beta.alpscigar.com\/en\/wp-json\/wp\/v2\/product_tag?post=63971"}],"curies":[{"name":"wp","href":"https:\/\/api.w.org\/{rel}","templated":true}]}}