{"id":63977,"date":"2022-04-28T07:55:47","date_gmt":"2022-04-28T06:55:47","guid":{"rendered":"https:\/\/alpscigar.com\/?post_type=product&#038;p=63977"},"modified":"2023-09-18T16:33:40","modified_gmt":"2023-09-18T15:33:40","slug":"caldwell-long-live-the-king-marquis-gordo-24","status":"publish","type":"product","link":"https:\/\/beta.alpscigar.com\/en\/shop\/dominican-cigars\/caldwell\/caldwell-linea-long-live-the-king\/caldwell-long-live-the-king-marquis-gordo-24\/","title":{"rendered":"Caldwell Long Live The King Marquis Gordo (24)"},"content":{"rendered":"<p>Le Caldwell Long Live The King Marquis Gordo est de fum\u00e9e tr\u00e8s intense et montre les diff\u00e9rentes facettes d&rsquo;un bon cigare sans \u00eatre trop chaude ou am\u00e8re. Les propri\u00e9t\u00e9s bois\u00e9es et noisettes typiques d&rsquo;un cigare dominicain sont combin\u00e9es avec une douceur torr\u00e9fi\u00e9e et un go\u00fbt de cacao fin.<\/p>\n<p>La longue tripe vient de la R\u00e9publique dominicaine avec une cape Corojo fournissant le beau bronzage huileux. Outre la R\u00e9publique dominicaine, le gisement provient du Nicaragua et du P\u00e9rou.<\/p>","protected":false},"excerpt":{"rendered":"<p>Box of 24 cigars.<\/p>","protected":false},"featured_media":63975,"template":"","meta":{"_acf_changed":false},"product_cat":[29708,24791,21990,24719,23555,24708],"product_tag":[],"bundled_by":[],"bundle_stock_status":"instock","bundle_stock_quantity":null,"bundle_virtual":false,"bundle_layout":"","bundle_add_to_cart_form_location":"","bundle_editable_in_cart":false,"bundle_sold_individually_context":"","bundle_item_grouping":"","bundle_min_size":"","bundle_max_size":"","bundled_items":[],"acf":[],"_links":{"self":[{"href":"https:\/\/beta.alpscigar.com\/en\/wp-json\/wp\/v2\/product\/63977"}],"collection":[{"href":"https:\/\/beta.alpscigar.com\/en\/wp-json\/wp\/v2\/product"}],"about":[{"href":"https:\/\/beta.alpscigar.com\/en\/wp-json\/wp\/v2\/types\/product"}],"wp:featuredmedia":[{"embeddable":true,"href":"https:\/\/beta.alpscigar.com\/en\/wp-json\/wp\/v2\/media\/63975"}],"wp:attachment":[{"href":"https:\/\/beta.alpscigar.com\/en\/wp-json\/wp\/v2\/media?parent=63977"}],"wp:term":[{"taxonomy":"product_cat","embeddable":true,"href":"https:\/\/beta.alpscigar.com\/en\/wp-json\/wp\/v2\/product_cat?post=63977"},{"taxonomy":"product_tag","embeddable":true,"href":"https:\/\/beta.alpscigar.com\/en\/wp-json\/wp\/v2\/product_tag?post=63977"}],"curies":[{"name":"wp","href":"https:\/\/api.w.org\/{rel}","templated":true}]}}