{"id":63983,"date":"2022-04-28T07:55:54","date_gmt":"2022-04-28T06:55:54","guid":{"rendered":"https:\/\/alpscigar.com\/?post_type=product&#038;p=63983"},"modified":"2023-09-18T16:33:45","modified_gmt":"2023-09-18T15:33:45","slug":"caldwell-the-king-is-dead-premier-24","status":"publish","type":"product","link":"https:\/\/beta.alpscigar.com\/en\/shop\/dominican-cigars\/caldwell\/caldwell-linea-the-king-is-dead\/caldwell-the-king-is-dead-premier-24\/","title":{"rendered":"Caldwell The King Is Dead Premier (24)"},"content":{"rendered":"<p>Le cigare <strong>Caldwell The King Is Dead Premier<\/strong> est un Robusto fabriqu\u00e9 \u00e0 la main en R\u00e9publique Dominicaine. Il est habill\u00e9 d\u2019une belle cape huil\u00e9e <strong>\u00ab Negrito \u00bb<\/strong> et habill\u00e9 d\u2019une bague originale, dessin\u00e9e d\u2019un tr\u00f4ne vide de son Roi ! Son toucher est dense et son remplissage g\u00e9n\u00e9reux. Sa mise en bouche est ais\u00e9e et il offre \u00e0 cru des senteurs v\u00e9g\u00e9tales enivrantes. De puissance moyenne \u00e0 forte, son tirage est parfait et les ar\u00f4mes seront teint\u00e9s de terre humide et de bois humide pour \u00e9voluer vers les \u00e9pices, de poivre noir et caf\u00e9 torr\u00e9fi\u00e9. Un cigare parfait \u00e0 fumer apr\u00e8s un repas, de pr\u00e9f\u00e9rence sur une belle terrasse ensoleill\u00e9e.<\/p>","protected":false},"excerpt":{"rendered":"<p>Box of 24 cigars.<\/p>","protected":false},"featured_media":63981,"template":"","meta":{"_acf_changed":false},"product_cat":[29710,24791,21990,24719,23555,24708],"product_tag":[],"bundled_by":[],"bundle_stock_status":"instock","bundle_stock_quantity":null,"bundle_virtual":false,"bundle_layout":"","bundle_add_to_cart_form_location":"","bundle_editable_in_cart":false,"bundle_sold_individually_context":"","bundle_item_grouping":"","bundle_min_size":"","bundle_max_size":"","bundled_items":[],"acf":[],"_links":{"self":[{"href":"https:\/\/beta.alpscigar.com\/en\/wp-json\/wp\/v2\/product\/63983"}],"collection":[{"href":"https:\/\/beta.alpscigar.com\/en\/wp-json\/wp\/v2\/product"}],"about":[{"href":"https:\/\/beta.alpscigar.com\/en\/wp-json\/wp\/v2\/types\/product"}],"wp:featuredmedia":[{"embeddable":true,"href":"https:\/\/beta.alpscigar.com\/en\/wp-json\/wp\/v2\/media\/63981"}],"wp:attachment":[{"href":"https:\/\/beta.alpscigar.com\/en\/wp-json\/wp\/v2\/media?parent=63983"}],"wp:term":[{"taxonomy":"product_cat","embeddable":true,"href":"https:\/\/beta.alpscigar.com\/en\/wp-json\/wp\/v2\/product_cat?post=63983"},{"taxonomy":"product_tag","embeddable":true,"href":"https:\/\/beta.alpscigar.com\/en\/wp-json\/wp\/v2\/product_tag?post=63983"}],"curies":[{"name":"wp","href":"https:\/\/api.w.org\/{rel}","templated":true}]}}