{"id":63986,"date":"2022-04-28T07:55:59","date_gmt":"2022-04-28T06:55:59","guid":{"rendered":"https:\/\/alpscigar.com\/?post_type=product&#038;p=63986"},"modified":"2023-09-18T16:33:49","modified_gmt":"2023-09-18T15:33:49","slug":"caldwell-the-king-is-dead-supreme-24","status":"publish","type":"product","link":"https:\/\/beta.alpscigar.com\/en\/shop\/dominican-cigars\/caldwell\/caldwell-linea-the-king-is-dead\/caldwell-the-king-is-dead-supreme-24\/","title":{"rendered":"Caldwell The King Is Dead Supreme (24)"},"content":{"rendered":"<p>Le Caldwell The King Is Dead Supreme est un Churchill \u00e0 la cape fonc\u00e9e et bien grasse, une belle allure. La mise en bouche est ais\u00e9e et les premi\u00e8res volutes g\u00e9n\u00e9reuses. Les ar\u00f4mes de bois humide laissent rapidement place \u00e0 des saveurs de c\u00e8dre et de cuir, soutenues par des notes de r\u00e9glisse et de miel. La puissance se renforce au 2\u00e8me tiers et son tirage reste r\u00e9gulier jusqu\u2019au bouquet final, qui explose en saveurs, avec des touches de poivre blanc. Une magnifique vitole \u00e0 d\u00e9guster apr\u00e8s un bon repas, en compagnie d\u2019un bon whisky.<\/p>","protected":false},"excerpt":{"rendered":"<p>Box of 24 cigars.<\/p>","protected":false},"featured_media":63984,"template":"","meta":{"_acf_changed":false},"product_cat":[29710,24791,21990,24719,23555,24708],"product_tag":[],"bundled_by":[],"bundle_stock_status":"instock","bundle_stock_quantity":null,"bundle_virtual":false,"bundle_layout":"","bundle_add_to_cart_form_location":"","bundle_editable_in_cart":false,"bundle_sold_individually_context":"","bundle_item_grouping":"","bundle_min_size":"","bundle_max_size":"","bundled_items":[],"acf":[],"_links":{"self":[{"href":"https:\/\/beta.alpscigar.com\/en\/wp-json\/wp\/v2\/product\/63986"}],"collection":[{"href":"https:\/\/beta.alpscigar.com\/en\/wp-json\/wp\/v2\/product"}],"about":[{"href":"https:\/\/beta.alpscigar.com\/en\/wp-json\/wp\/v2\/types\/product"}],"wp:featuredmedia":[{"embeddable":true,"href":"https:\/\/beta.alpscigar.com\/en\/wp-json\/wp\/v2\/media\/63984"}],"wp:attachment":[{"href":"https:\/\/beta.alpscigar.com\/en\/wp-json\/wp\/v2\/media?parent=63986"}],"wp:term":[{"taxonomy":"product_cat","embeddable":true,"href":"https:\/\/beta.alpscigar.com\/en\/wp-json\/wp\/v2\/product_cat?post=63986"},{"taxonomy":"product_tag","embeddable":true,"href":"https:\/\/beta.alpscigar.com\/en\/wp-json\/wp\/v2\/product_tag?post=63986"}],"curies":[{"name":"wp","href":"https:\/\/api.w.org\/{rel}","templated":true}]}}