{"id":63989,"date":"2022-04-28T07:56:05","date_gmt":"2022-04-28T06:56:05","guid":{"rendered":"https:\/\/alpscigar.com\/?post_type=product&#038;p=63989"},"modified":"2023-09-18T16:33:51","modified_gmt":"2023-09-18T15:33:51","slug":"caldwell-the-king-is-dead-the-last-payday-24","status":"publish","type":"product","link":"https:\/\/beta.alpscigar.com\/en\/shop\/dominican-cigars\/caldwell\/caldwell-linea-the-king-is-dead\/caldwell-the-king-is-dead-the-last-payday-24\/","title":{"rendered":"Caldwell The King Is Dead The Last Payday (24)"},"content":{"rendered":"<p>Le Caldwell The King Is Dead The Last Payday est envelopp\u00e9 d\u2019une belle cape Negrito huileuse, c&rsquo;est un Torpedo. A cru, on est surpris par des senteurs de poivre sec, piquant l\u00e9g\u00e8rement le nez. Apr\u00e8s un allumage ais\u00e9, le 1er tiers d\u00e9gage de beaux volumes de fum\u00e9e portant des ar\u00f4mes de cacahu\u00e8tes, de fruits \u00e0 coques et de notes florales. Le 2\u00e8me et 3\u00e8me tiers, offrent un peu plus de puissance et se montrent plus cors\u00e9s avec des touches \u00e9pic\u00e9es, soutenues par des notes de caf\u00e9 et de chocolat noir. Un cigare avec un tr\u00e8s bon \u00e9quilibre puissance\/saveurs, parfait pour terminer un bon repas.<\/p>","protected":false},"excerpt":{"rendered":"<p>Box of 24 cigars.<\/p>","protected":false},"featured_media":63987,"template":"","meta":{"_acf_changed":false},"product_cat":[29710,24791,21990,24719,23555,24708],"product_tag":[],"bundled_by":[],"bundle_stock_status":"instock","bundle_stock_quantity":null,"bundle_virtual":false,"bundle_layout":"","bundle_add_to_cart_form_location":"","bundle_editable_in_cart":false,"bundle_sold_individually_context":"","bundle_item_grouping":"","bundle_min_size":"","bundle_max_size":"","bundled_items":[],"acf":[],"_links":{"self":[{"href":"https:\/\/beta.alpscigar.com\/en\/wp-json\/wp\/v2\/product\/63989"}],"collection":[{"href":"https:\/\/beta.alpscigar.com\/en\/wp-json\/wp\/v2\/product"}],"about":[{"href":"https:\/\/beta.alpscigar.com\/en\/wp-json\/wp\/v2\/types\/product"}],"wp:featuredmedia":[{"embeddable":true,"href":"https:\/\/beta.alpscigar.com\/en\/wp-json\/wp\/v2\/media\/63987"}],"wp:attachment":[{"href":"https:\/\/beta.alpscigar.com\/en\/wp-json\/wp\/v2\/media?parent=63989"}],"wp:term":[{"taxonomy":"product_cat","embeddable":true,"href":"https:\/\/beta.alpscigar.com\/en\/wp-json\/wp\/v2\/product_cat?post=63989"},{"taxonomy":"product_tag","embeddable":true,"href":"https:\/\/beta.alpscigar.com\/en\/wp-json\/wp\/v2\/product_tag?post=63989"}],"curies":[{"name":"wp","href":"https:\/\/api.w.org\/{rel}","templated":true}]}}