{"id":64001,"date":"2022-04-28T07:56:26","date_gmt":"2022-04-28T06:56:26","guid":{"rendered":"https:\/\/alpscigar.com\/?post_type=product&#038;p=64001"},"modified":"2023-09-18T16:34:00","modified_gmt":"2023-09-18T15:34:00","slug":"caldwell-savages-toro-10","status":"publish","type":"product","link":"https:\/\/beta.alpscigar.com\/en\/shop\/dominican-cigars\/caldwell\/caldwell-linea-savages\/caldwell-savages-toro-10\/","title":{"rendered":"Caldwell Savages Toro (10)"},"content":{"rendered":"<p>Le Caldwell Savages Toro est une extension limit\u00e9e de la ligne \u00ab\u00a0Long Live the King\u00a0\u00bb. Bien que le m\u00e9lange n&rsquo;ait pas \u00e9t\u00e9 publi\u00e9, nous pouvons r\u00e9v\u00e9ler qu&rsquo;il a un go\u00fbt un peu plus cr\u00e9meux et plus noisette que \u00abLong Live the King\u00bb et \u00abThe King is Dead\u00bb. La ligne Savages est disponible en Suisse en 3 formats, chacun emball\u00e9 par carton de 10, et <strong>n&rsquo;est disponible que dans une s\u00e9lection de magasins sp\u00e9cialis\u00e9s.<\/strong><\/p>","protected":false},"excerpt":{"rendered":"<p>Box of 10 cigars.<\/p>","protected":false},"featured_media":63998,"template":"","meta":{"_acf_changed":false},"product_cat":[29709,24791,21990,24719,23555,24708],"product_tag":[],"bundled_by":[],"bundle_stock_status":"instock","bundle_stock_quantity":null,"bundle_virtual":false,"bundle_layout":"","bundle_add_to_cart_form_location":"","bundle_editable_in_cart":false,"bundle_sold_individually_context":"","bundle_item_grouping":"","bundle_min_size":"","bundle_max_size":"","bundled_items":[],"acf":[],"_links":{"self":[{"href":"https:\/\/beta.alpscigar.com\/en\/wp-json\/wp\/v2\/product\/64001"}],"collection":[{"href":"https:\/\/beta.alpscigar.com\/en\/wp-json\/wp\/v2\/product"}],"about":[{"href":"https:\/\/beta.alpscigar.com\/en\/wp-json\/wp\/v2\/types\/product"}],"wp:featuredmedia":[{"embeddable":true,"href":"https:\/\/beta.alpscigar.com\/en\/wp-json\/wp\/v2\/media\/63998"}],"wp:attachment":[{"href":"https:\/\/beta.alpscigar.com\/en\/wp-json\/wp\/v2\/media?parent=64001"}],"wp:term":[{"taxonomy":"product_cat","embeddable":true,"href":"https:\/\/beta.alpscigar.com\/en\/wp-json\/wp\/v2\/product_cat?post=64001"},{"taxonomy":"product_tag","embeddable":true,"href":"https:\/\/beta.alpscigar.com\/en\/wp-json\/wp\/v2\/product_tag?post=64001"}],"curies":[{"name":"wp","href":"https:\/\/api.w.org\/{rel}","templated":true}]}}