{"id":64009,"date":"2022-04-28T08:19:42","date_gmt":"2022-04-28T07:19:42","guid":{"rendered":"https:\/\/alpscigar.com\/?post_type=product&#038;p=64009"},"modified":"2023-08-31T14:13:32","modified_gmt":"2023-08-31T13:13:32","slug":"cao-osa-lot-t-25","status":"publish","type":"product","link":"https:\/\/beta.alpscigar.com\/en\/shop\/nicaraguan-cigars\/cao\/cao-osa\/cao-osa-lot-t-25\/","title":{"rendered":"CAO OSA Lot T (25)"},"content":{"rendered":"<p>Le CAO OSA Lot T est un cigare qui a \u00e9t\u00e9 b\u00e9ni par les dieux de la nature. Sa cape, issue de la r\u00e9colte Olancho, San Agust\u00edn 2008, a \u00e9t\u00e9 cultiv\u00e9e avec la quantit\u00e9 parfaite de soleil et de pluie, lui donnant une saveur riche et terreuse, parfaitement compl\u00e9t\u00e9e par sa tripe nicaraguayenne et hondurienne et sa sous-cape Connecticut Broadleaf. Cigar Journal a nomm\u00e9 <strong>CAO OSA Sol parmi ses \u00abTop 25 Premium Cigars of 2011\u00bb<\/strong> et a d\u00e9cern\u00e9 \u00e0 la marque des troph\u00e9es Cigar Journal en 2012 et 2013.<\/p>","protected":false},"excerpt":{"rendered":"<p>Bo\u00eete de 25 Cigares.<\/p>","protected":false},"featured_media":64007,"template":"","meta":{"_acf_changed":false},"product_cat":[27443,29720,24791,24035],"product_tag":[],"bundled_by":[],"bundle_stock_status":"outofstock","bundle_stock_quantity":null,"bundle_virtual":false,"bundle_layout":"","bundle_add_to_cart_form_location":"","bundle_editable_in_cart":false,"bundle_sold_individually_context":"","bundle_item_grouping":"","bundle_min_size":"","bundle_max_size":"","bundled_items":[],"acf":[],"_links":{"self":[{"href":"https:\/\/beta.alpscigar.com\/en\/wp-json\/wp\/v2\/product\/64009"}],"collection":[{"href":"https:\/\/beta.alpscigar.com\/en\/wp-json\/wp\/v2\/product"}],"about":[{"href":"https:\/\/beta.alpscigar.com\/en\/wp-json\/wp\/v2\/types\/product"}],"wp:featuredmedia":[{"embeddable":true,"href":"https:\/\/beta.alpscigar.com\/en\/wp-json\/wp\/v2\/media\/64007"}],"wp:attachment":[{"href":"https:\/\/beta.alpscigar.com\/en\/wp-json\/wp\/v2\/media?parent=64009"}],"wp:term":[{"taxonomy":"product_cat","embeddable":true,"href":"https:\/\/beta.alpscigar.com\/en\/wp-json\/wp\/v2\/product_cat?post=64009"},{"taxonomy":"product_tag","embeddable":true,"href":"https:\/\/beta.alpscigar.com\/en\/wp-json\/wp\/v2\/product_tag?post=64009"}],"curies":[{"name":"wp","href":"https:\/\/api.w.org\/{rel}","templated":true}]}}