{"id":64093,"date":"2022-04-28T08:39:37","date_gmt":"2022-04-28T07:39:37","guid":{"rendered":"https:\/\/alpscigar.com\/?post_type=product&#038;p=64093"},"modified":"2023-08-31T14:37:22","modified_gmt":"2023-08-31T13:37:22","slug":"arcane-extraroma-grand-amber-rum-12-ans","status":"publish","type":"product","link":"https:\/\/beta.alpscigar.com\/en\/shop\/alcools\/rhum\/arcane\/arcane-extraroma-grand-amber-rum-12-ans\/","title":{"rendered":"Arcane Extraroma Grand Amber Rum 12 Ans"},"content":{"rendered":"<div align=\"justify\">\n<p>L&rsquo;un des rhums les plus c\u00e9l\u00e8bres de l\u2019Ile Maurice est le Arcane Extraroma. Semblable au Rhum Agricole de la Martinique et de la Guadeloupe, le rhum Arcane Extraroma Grand Amber n&rsquo;est pas fabriqu\u00e9 \u00e0 partir de m\u00e9lasse, mais de jus de canne \u00e0 sucre fra\u00eechement press\u00e9, puis ferment\u00e9. Le rhum fabriqu\u00e9 \u00e0 partir de jus de canne \u00e0 sucre est g\u00e9n\u00e9ralement plus fruit\u00e9 que les rhums de m\u00e9lasse, qui repr\u00e9sentent environ 90% du march\u00e9. Le stockage de 12 ans a lieu selon le processus Solera, qui est \u00e9galement utilis\u00e9 dans la production de sherry et de brandy.<\/p>\n<h4>NOTE DE DEGUSTATION<\/h4>\n<p>Go\u00fbt net de canne \u00e0 sucre fra\u00eeche avec des notes de banane, de cacao et de vanille.<\/p>\n<\/div>","protected":false},"excerpt":{"rendered":"<p>1 bouteille de 70cl.<\/p>","protected":false},"featured_media":64092,"template":"","meta":{"_acf_changed":false},"product_cat":[25246,29666,29991],"product_tag":[],"bundled_by":[],"bundle_stock_status":"instock","bundle_stock_quantity":null,"bundle_virtual":false,"bundle_layout":"","bundle_add_to_cart_form_location":"","bundle_editable_in_cart":false,"bundle_sold_individually_context":"","bundle_item_grouping":"","bundle_min_size":"","bundle_max_size":"","bundled_items":[],"acf":[],"_links":{"self":[{"href":"https:\/\/beta.alpscigar.com\/en\/wp-json\/wp\/v2\/product\/64093"}],"collection":[{"href":"https:\/\/beta.alpscigar.com\/en\/wp-json\/wp\/v2\/product"}],"about":[{"href":"https:\/\/beta.alpscigar.com\/en\/wp-json\/wp\/v2\/types\/product"}],"wp:featuredmedia":[{"embeddable":true,"href":"https:\/\/beta.alpscigar.com\/en\/wp-json\/wp\/v2\/media\/64092"}],"wp:attachment":[{"href":"https:\/\/beta.alpscigar.com\/en\/wp-json\/wp\/v2\/media?parent=64093"}],"wp:term":[{"taxonomy":"product_cat","embeddable":true,"href":"https:\/\/beta.alpscigar.com\/en\/wp-json\/wp\/v2\/product_cat?post=64093"},{"taxonomy":"product_tag","embeddable":true,"href":"https:\/\/beta.alpscigar.com\/en\/wp-json\/wp\/v2\/product_tag?post=64093"}],"curies":[{"name":"wp","href":"https:\/\/api.w.org\/{rel}","templated":true}]}}